{"id":377,"date":"2026-04-10T10:16:49","date_gmt":"2026-04-10T10:16:49","guid":{"rendered":"https:\/\/kimhouse.azdigi.shop\/?post_type=product&#038;p=377"},"modified":"2026-04-12T03:00:36","modified_gmt":"2026-04-12T03:00:36","slug":"matcha-latte","status":"publish","type":"product","link":"https:\/\/kimhouse.azdigi.shop\/index.php\/product\/matcha-latte\/","title":{"rendered":"MATCHA  LATTE"},"content":{"rendered":"<h2 data-path-to-node=\"2\">Matcha Latte KimHouse \u2013 H\u01b0\u01a1ng V\u1ecb Tr\u00e0 Xanh Nh\u1eadt B\u1ea3n Thu\u1ea7n Khi\u1ebft<\/h2>\n<p data-path-to-node=\"3\">N\u1ebfu b\u1ea1n \u0111ang t\u00ecm ki\u1ebfm m\u1ed9t th\u1ee9c u\u1ed1ng v\u1eeba gi\u00fap t\u1ec9nh t\u00e1o. V\u1eeba mang l\u1ea1i c\u1ea3m gi\u00e1c th\u01b0 th\u00e1i cho t\u00e2m h\u1ed3n. <b data-path-to-node=\"3\" data-index-in-node=\"99\">Matcha Latte<\/b> t\u1ea1i KimHouse ch\u00ednh l\u00e0 s\u1ef1 l\u1ef1a ch\u1ecdn kh\u00f4ng th\u1ec3 b\u1ecf qua. \u0110\u00e2y l\u00e0 m\u00f3n \u0111\u1ed3 u\u1ed1ng tinh t\u1ebf, k\u1ebft h\u1ee3p gi\u1eefa b\u1ed9t tr\u00e0 xanh th\u01b0\u1ee3ng h\u1ea1ng v\u00e0 s\u1eefa t\u01b0\u01a1i b\u00e9o ng\u1eady. T\u1ea1o n\u00ean m\u1ed9t b\u1ea3n giao h\u01b0\u1edfng m\u00e0u s\u1eafc v\u00e0 h\u01b0\u01a1ng v\u1ecb \u0111\u1eb7c tr\u01b0ng c\u1ee7a x\u1ee9 s\u1edf hoa anh \u0111\u00e0o ngay t\u1ea1i kh\u00f4ng gian qu\u00e1n.<\/p>\n<h3 data-path-to-node=\"4\">S\u1ef1 h\u00f2a quy\u1ec7n ho\u00e0n h\u1ea3o gi\u1eefa tr\u00e0 xanh v\u00e0 s\u1eefa t\u01b0\u01a1i<\/h3>\n<p data-path-to-node=\"5\">T\u1ea1i <b data-path-to-node=\"5\" data-index-in-node=\"4\">KimHouse<\/b>, ch\u00fang t\u00f4i \u0111\u1eb7c bi\u1ec7t kh\u1eaft khe trong vi\u1ec7c l\u1ef1a ch\u1ecdn nguy\u00ean li\u1ec7u. B\u1ed9t tr\u00e0 xanh \u0111\u01b0\u1ee3c s\u1eed d\u1ee5ng \u0111\u1ec3 pha ch\u1ebf <b data-path-to-node=\"5\" data-index-in-node=\"112\">Matcha Latte<\/b> l\u00e0 lo\u1ea1i b\u1ed9t m\u1ecbn nguy\u00ean ch\u1ea5t. Gi\u1eef tr\u1ecdn m\u00e0u xanh ng\u1ecdc b\u00edch v\u00e0 h\u01b0\u01a1ng th\u01a1m n\u1ed3ng n\u00e0n c\u1ee7a l\u00e1 tr\u00e0 non. Khi \u0111\u01b0\u1ee3c \u0111\u00e1nh tan c\u00f9ng s\u1eefa t\u01b0\u01a1i thanh tr\u00f9ng, v\u1ecb \u0111\u1eafng nh\u1eb9. Thanh tao c\u1ee7a matcha h\u00f2a quy\u1ec7n tuy\u1ec7t v\u1eddi v\u1edbi s\u1ef1 ng\u1ecdt ng\u00e0o. B\u00e9o ng\u1eady c\u1ee7a s\u1eefa, \u0111\u1ec3 l\u1ea1i h\u1eadu v\u1ecb ng\u1ecdt d\u1ecbu n\u01a1i c\u1ed5 h\u1ecdng.<\/p>\n<p data-path-to-node=\"6\">M\u00f3n \u0111\u1ed3 u\u1ed1ng n\u00e0y kh\u00f4ng ch\u1ec9 ngon mi\u1ec7ng. M\u00e0 c\u00f2n mang l\u1ea1i gi\u00e1 tr\u1ecb th\u1ea9m m\u1ef9 cao v\u1edbi l\u1edbp b\u1ecdt s\u1eefa (foam) m\u1ecbn m\u00e0ng ph\u00eda tr\u00ean. D\u00f9 b\u1ea1n ch\u1ecdn th\u01b0\u1edfng th\u1ee9c n\u00f3ng \u0111\u1ec3 c\u1ea3m nh\u1eadn h\u01b0\u01a1ng th\u01a1m lan t\u1ecfa hay u\u1ed1ng l\u1ea1nh \u0111\u1ec3 gi\u1ea3i nhi\u1ec7t. Th\u1ee9c u\u1ed1ng n\u00e0y lu\u00f4n gi\u1eef \u0111\u01b0\u1ee3c s\u1ee9c h\u00fat m\u00e3nh li\u1ec7t \u0111\u1ed1i v\u1edbi m\u1ecdi l\u1ee9a tu\u1ed5i.<\/p>\n<h3 data-path-to-node=\"7\">T\u1ea1i sao n\u00ean th\u01b0\u1edfng th\u1ee9c Matcha Latte t\u1ea1i KimHouse?<\/h3>\n<ul data-path-to-node=\"8\">\n<li>\n<p data-path-to-node=\"8,0,0\"><b data-path-to-node=\"8,0,0\" data-index-in-node=\"0\">Ngu\u1ed3n g\u1ed1c cao c\u1ea5p:<\/b> S\u1eed d\u1ee5ng b\u1ed9t tr\u00e0 xanh nh\u1eadp kh\u1ea9u, \u0111\u1ea3m b\u1ea3o \u0111\u1ed9 t\u01b0\u01a1i m\u1edbi v\u00e0 kh\u00f4ng ch\u1ee9a ch\u1ea5t b\u1ea3o qu\u1ea3n.<\/p>\n<\/li>\n<li>\n<p data-path-to-node=\"8,1,0\"><b data-path-to-node=\"8,1,0\" data-index-in-node=\"0\">L\u1ee3i \u00edch cho s\u1ee9c kh\u1ecfe:<\/b> Gi\u00e0u ch\u1ea5t ch\u1ed1ng oxy h\u00f3a, gi\u00fap h\u1ed7 tr\u1ee3 t\u1eadp trung v\u00e0 l\u00e0m \u0111\u1eb9p da t\u1eeb b\u00ean trong.<\/p>\n<\/li>\n<li>\n<p data-path-to-node=\"8,2,0\"><b data-path-to-node=\"8,2,0\" data-index-in-node=\"0\">Ph\u1ee5c v\u1ee5 chuy\u00ean nghi\u1ec7p:<\/b> M\u1ed7i ly n\u01b0\u1edbc \u0111\u1ec1u \u0111\u01b0\u1ee3c c\u00e1c barista ch\u0103m ch\u00fat t\u1ec9 m\u1ec9 t\u1eeb kh\u00e2u \u0111\u00e1nh b\u1ecdt \u0111\u1ebfn tr\u00ecnh b\u00e0y.<\/p>\n<\/li>\n<\/ul>\n<p data-path-to-node=\"9\">Th\u01b0\u1edfng th\u1ee9c tr\u00e0 xanh l\u00e0 m\u1ed9t n\u00e9t v\u0103n h\u00f3a \u0111\u1eb9p trong \u1ea9m th\u1ef1c hi\u1ec7n \u0111\u1ea1i. B\u1ea1n c\u00f3 th\u1ec3 t\u00ecm hi\u1ec3u th\u00eam v\u1ec1 l\u1ecbch s\u1eed l\u00e2u \u0111\u1eddi v\u00e0 c\u00e1ch ch\u1ebf bi\u1ebfn <b data-path-to-node=\"9\" data-index-in-node=\"129\"><a class=\"ng-star-inserted\" href=\"https:\/\/vi.wikipedia.org\/wiki\/Matcha\" target=\"_blank\" rel=\"noopener\" data-hveid=\"0\" data-ved=\"0CAAQ_4QMahgKEwjymovG8uCTAxUAAAAAHQAAAAAQqgY\">b\u1ed9t Matcha<\/a><\/b> \u0111\u1ec3 hi\u1ec3u r\u00f5 h\u01a1n v\u1ec1 gi\u00e1 tr\u1ecb c\u1ee7a th\u1ee9c u\u1ed1ng n\u00e0y. Ngo\u00e0i ra, \u0111\u1eebng qu\u00ean gh\u00e9 th\u0103m MENU KIMHOUSE \u0111\u1ec3 \u0111a d\u1ea1ng h\u00f3a s\u1ef1 l\u1ef1a ch\u1ecdn c\u1ee7a m\u00ecnh nh\u00e9.<\/p>\n","protected":false},"excerpt":{"rendered":"<p>TH\u01a0M NGON B\u00c9O NG\u1eacY &#8211; M\u1edcI B\u1ea0N U\u1ed0NG NGAY<\/p>\n","protected":false},"featured_media":378,"template":"","meta":[],"product_brand":[],"product_cat":[40],"product_tag":[],"class_list":{"0":"post-377","1":"product","2":"type-product","3":"status-publish","4":"has-post-thumbnail","6":"product_cat-uncategorized","8":"first","9":"instock","10":"sale","11":"shipping-taxable","12":"purchasable","13":"product-type-variable"},"yoast_head":"<!-- This site is optimized with the Yoast SEO plugin v27.2 - https:\/\/yoast.com\/product\/yoast-seo-wordpress\/ -->\n<title>MATCHA LATTE - KIM HOUSE<\/title>\n<meta name=\"robots\" content=\"index, follow, max-snippet:-1, max-image-preview:large, max-video-preview:-1\" \/>\n<link rel=\"canonical\" href=\"https:\/\/kimhouse.azdigi.shop\/index.php\/product\/matcha-latte\/\" \/>\n<meta property=\"og:locale\" content=\"en_US\" \/>\n<meta property=\"og:type\" content=\"article\" \/>\n<meta property=\"og:title\" content=\"MATCHA LATTE - KIM HOUSE\" \/>\n<meta property=\"og:description\" content=\"TH\u01a0M NGON B\u00c9O NG\u1eacY - M\u1edcI B\u1ea0N U\u1ed0NG NGAY\" \/>\n<meta property=\"og:url\" content=\"https:\/\/kimhouse.azdigi.shop\/index.php\/product\/matcha-latte\/\" \/>\n<meta property=\"og:site_name\" content=\"KIM HOUSE\" \/>\n<meta property=\"article:modified_time\" content=\"2026-04-12T03:00:36+00:00\" \/>\n<meta property=\"og:image\" content=\"https:\/\/kimhouse.azdigi.shop\/wp-content\/uploads\/2026\/04\/mattcha-latte.jpg\" \/>\n\t<meta property=\"og:image:width\" content=\"1024\" \/>\n\t<meta property=\"og:image:height\" content=\"1024\" \/>\n\t<meta property=\"og:image:type\" content=\"image\/jpeg\" \/>\n<meta name=\"twitter:card\" content=\"summary_large_image\" \/>\n<meta name=\"twitter:label1\" content=\"Est. reading time\" \/>\n\t<meta name=\"twitter:data1\" content=\"2 minutes\" \/>\n<script type=\"application\/ld+json\" class=\"yoast-schema-graph\">{\"@context\":\"https:\/\/schema.org\",\"@graph\":[{\"@type\":\"WebPage\",\"@id\":\"https:\/\/kimhouse.azdigi.shop\/index.php\/product\/matcha-latte\/\",\"url\":\"https:\/\/kimhouse.azdigi.shop\/index.php\/product\/matcha-latte\/\",\"name\":\"MATCHA LATTE - KIM HOUSE\",\"isPartOf\":{\"@id\":\"https:\/\/kimhouse.azdigi.shop\/#website\"},\"primaryImageOfPage\":{\"@id\":\"https:\/\/kimhouse.azdigi.shop\/index.php\/product\/matcha-latte\/#primaryimage\"},\"image\":{\"@id\":\"https:\/\/kimhouse.azdigi.shop\/index.php\/product\/matcha-latte\/#primaryimage\"},\"thumbnailUrl\":\"https:\/\/kimhouse.azdigi.shop\/wp-content\/uploads\/2026\/04\/mattcha-latte.jpg\",\"datePublished\":\"2026-04-10T10:16:49+00:00\",\"dateModified\":\"2026-04-12T03:00:36+00:00\",\"breadcrumb\":{\"@id\":\"https:\/\/kimhouse.azdigi.shop\/index.php\/product\/matcha-latte\/#breadcrumb\"},\"inLanguage\":\"en-US\",\"potentialAction\":[{\"@type\":\"ReadAction\",\"target\":[\"https:\/\/kimhouse.azdigi.shop\/index.php\/product\/matcha-latte\/\"]}]},{\"@type\":\"ImageObject\",\"inLanguage\":\"en-US\",\"@id\":\"https:\/\/kimhouse.azdigi.shop\/index.php\/product\/matcha-latte\/#primaryimage\",\"url\":\"https:\/\/kimhouse.azdigi.shop\/wp-content\/uploads\/2026\/04\/mattcha-latte.jpg\",\"contentUrl\":\"https:\/\/kimhouse.azdigi.shop\/wp-content\/uploads\/2026\/04\/mattcha-latte.jpg\",\"width\":1024,\"height\":1024},{\"@type\":\"BreadcrumbList\",\"@id\":\"https:\/\/kimhouse.azdigi.shop\/index.php\/product\/matcha-latte\/#breadcrumb\",\"itemListElement\":[{\"@type\":\"ListItem\",\"position\":1,\"name\":\"Home\",\"item\":\"https:\/\/kimhouse.azdigi.shop\/\"},{\"@type\":\"ListItem\",\"position\":2,\"name\":\"Shop\",\"item\":\"https:\/\/kimhouse.azdigi.shop\/index.php\/shop\/\"},{\"@type\":\"ListItem\",\"position\":3,\"name\":\"MATCHA LATTE\"}]},{\"@type\":\"WebSite\",\"@id\":\"https:\/\/kimhouse.azdigi.shop\/#website\",\"url\":\"https:\/\/kimhouse.azdigi.shop\/\",\"name\":\"KIM HOUSE\",\"description\":\"G\u00f3i tr\u1ecdn tinh tu\u00fd - G\u00f3i tr\u1ecdn y\u00eau th\u01b0\u01a1ng \",\"publisher\":{\"@id\":\"https:\/\/kimhouse.azdigi.shop\/#\/schema\/person\/e006cb0befa6ce1803c1227789a850f4\"},\"potentialAction\":[{\"@type\":\"SearchAction\",\"target\":{\"@type\":\"EntryPoint\",\"urlTemplate\":\"https:\/\/kimhouse.azdigi.shop\/?s={search_term_string}\"},\"query-input\":{\"@type\":\"PropertyValueSpecification\",\"valueRequired\":true,\"valueName\":\"search_term_string\"}}],\"inLanguage\":\"en-US\"},{\"@type\":[\"Person\",\"Organization\"],\"@id\":\"https:\/\/kimhouse.azdigi.shop\/#\/schema\/person\/e006cb0befa6ce1803c1227789a850f4\",\"name\":\"thaithikimthao\",\"image\":{\"@type\":\"ImageObject\",\"inLanguage\":\"en-US\",\"@id\":\"https:\/\/kimhouse.azdigi.shop\/wp-content\/uploads\/2026\/03\/LO-GO.png\",\"url\":\"https:\/\/kimhouse.azdigi.shop\/wp-content\/uploads\/2026\/03\/LO-GO.png\",\"contentUrl\":\"https:\/\/kimhouse.azdigi.shop\/wp-content\/uploads\/2026\/03\/LO-GO.png\",\"width\":2000,\"height\":2000,\"caption\":\"thaithikimthao\"},\"logo\":{\"@id\":\"https:\/\/kimhouse.azdigi.shop\/wp-content\/uploads\/2026\/03\/LO-GO.png\"},\"sameAs\":[\"https:\/\/kimhouse.azdigi.shop\"]}]}<\/script>\n<!-- \/ Yoast SEO plugin. -->","yoast_head_json":{"title":"MATCHA LATTE - KIM HOUSE","robots":{"index":"index","follow":"follow","max-snippet":"max-snippet:-1","max-image-preview":"max-image-preview:large","max-video-preview":"max-video-preview:-1"},"canonical":"https:\/\/kimhouse.azdigi.shop\/index.php\/product\/matcha-latte\/","og_locale":"en_US","og_type":"article","og_title":"MATCHA LATTE - KIM HOUSE","og_description":"TH\u01a0M NGON B\u00c9O NG\u1eacY - M\u1edcI B\u1ea0N U\u1ed0NG NGAY","og_url":"https:\/\/kimhouse.azdigi.shop\/index.php\/product\/matcha-latte\/","og_site_name":"KIM HOUSE","article_modified_time":"2026-04-12T03:00:36+00:00","og_image":[{"width":1024,"height":1024,"url":"https:\/\/kimhouse.azdigi.shop\/wp-content\/uploads\/2026\/04\/mattcha-latte.jpg","type":"image\/jpeg"}],"twitter_card":"summary_large_image","twitter_misc":{"Est. reading time":"2 minutes"},"schema":{"@context":"https:\/\/schema.org","@graph":[{"@type":"WebPage","@id":"https:\/\/kimhouse.azdigi.shop\/index.php\/product\/matcha-latte\/","url":"https:\/\/kimhouse.azdigi.shop\/index.php\/product\/matcha-latte\/","name":"MATCHA LATTE - KIM HOUSE","isPartOf":{"@id":"https:\/\/kimhouse.azdigi.shop\/#website"},"primaryImageOfPage":{"@id":"https:\/\/kimhouse.azdigi.shop\/index.php\/product\/matcha-latte\/#primaryimage"},"image":{"@id":"https:\/\/kimhouse.azdigi.shop\/index.php\/product\/matcha-latte\/#primaryimage"},"thumbnailUrl":"https:\/\/kimhouse.azdigi.shop\/wp-content\/uploads\/2026\/04\/mattcha-latte.jpg","datePublished":"2026-04-10T10:16:49+00:00","dateModified":"2026-04-12T03:00:36+00:00","breadcrumb":{"@id":"https:\/\/kimhouse.azdigi.shop\/index.php\/product\/matcha-latte\/#breadcrumb"},"inLanguage":"en-US","potentialAction":[{"@type":"ReadAction","target":["https:\/\/kimhouse.azdigi.shop\/index.php\/product\/matcha-latte\/"]}]},{"@type":"ImageObject","inLanguage":"en-US","@id":"https:\/\/kimhouse.azdigi.shop\/index.php\/product\/matcha-latte\/#primaryimage","url":"https:\/\/kimhouse.azdigi.shop\/wp-content\/uploads\/2026\/04\/mattcha-latte.jpg","contentUrl":"https:\/\/kimhouse.azdigi.shop\/wp-content\/uploads\/2026\/04\/mattcha-latte.jpg","width":1024,"height":1024},{"@type":"BreadcrumbList","@id":"https:\/\/kimhouse.azdigi.shop\/index.php\/product\/matcha-latte\/#breadcrumb","itemListElement":[{"@type":"ListItem","position":1,"name":"Home","item":"https:\/\/kimhouse.azdigi.shop\/"},{"@type":"ListItem","position":2,"name":"Shop","item":"https:\/\/kimhouse.azdigi.shop\/index.php\/shop\/"},{"@type":"ListItem","position":3,"name":"MATCHA LATTE"}]},{"@type":"WebSite","@id":"https:\/\/kimhouse.azdigi.shop\/#website","url":"https:\/\/kimhouse.azdigi.shop\/","name":"KIM HOUSE","description":"G\u00f3i tr\u1ecdn tinh tu\u00fd - G\u00f3i tr\u1ecdn y\u00eau th\u01b0\u01a1ng ","publisher":{"@id":"https:\/\/kimhouse.azdigi.shop\/#\/schema\/person\/e006cb0befa6ce1803c1227789a850f4"},"potentialAction":[{"@type":"SearchAction","target":{"@type":"EntryPoint","urlTemplate":"https:\/\/kimhouse.azdigi.shop\/?s={search_term_string}"},"query-input":{"@type":"PropertyValueSpecification","valueRequired":true,"valueName":"search_term_string"}}],"inLanguage":"en-US"},{"@type":["Person","Organization"],"@id":"https:\/\/kimhouse.azdigi.shop\/#\/schema\/person\/e006cb0befa6ce1803c1227789a850f4","name":"thaithikimthao","image":{"@type":"ImageObject","inLanguage":"en-US","@id":"https:\/\/kimhouse.azdigi.shop\/wp-content\/uploads\/2026\/03\/LO-GO.png","url":"https:\/\/kimhouse.azdigi.shop\/wp-content\/uploads\/2026\/03\/LO-GO.png","contentUrl":"https:\/\/kimhouse.azdigi.shop\/wp-content\/uploads\/2026\/03\/LO-GO.png","width":2000,"height":2000,"caption":"thaithikimthao"},"logo":{"@id":"https:\/\/kimhouse.azdigi.shop\/wp-content\/uploads\/2026\/03\/LO-GO.png"},"sameAs":["https:\/\/kimhouse.azdigi.shop"]}]}},"_links":{"self":[{"href":"https:\/\/kimhouse.azdigi.shop\/index.php\/wp-json\/wp\/v2\/product\/377","targetHints":{"allow":["GET"]}}],"collection":[{"href":"https:\/\/kimhouse.azdigi.shop\/index.php\/wp-json\/wp\/v2\/product"}],"about":[{"href":"https:\/\/kimhouse.azdigi.shop\/index.php\/wp-json\/wp\/v2\/types\/product"}],"wp:featuredmedia":[{"embeddable":true,"href":"https:\/\/kimhouse.azdigi.shop\/index.php\/wp-json\/wp\/v2\/media\/378"}],"wp:attachment":[{"href":"https:\/\/kimhouse.azdigi.shop\/index.php\/wp-json\/wp\/v2\/media?parent=377"}],"wp:term":[{"taxonomy":"product_brand","embeddable":true,"href":"https:\/\/kimhouse.azdigi.shop\/index.php\/wp-json\/wp\/v2\/product_brand?post=377"},{"taxonomy":"product_cat","embeddable":true,"href":"https:\/\/kimhouse.azdigi.shop\/index.php\/wp-json\/wp\/v2\/product_cat?post=377"},{"taxonomy":"product_tag","embeddable":true,"href":"https:\/\/kimhouse.azdigi.shop\/index.php\/wp-json\/wp\/v2\/product_tag?post=377"}],"curies":[{"name":"wp","href":"https:\/\/api.w.org\/{rel}","templated":true}]}}