{"id":372,"date":"2026-04-10T10:10:05","date_gmt":"2026-04-10T10:10:05","guid":{"rendered":"https:\/\/kimhouse.azdigi.shop\/?post_type=product&#038;p=372"},"modified":"2026-04-12T03:01:49","modified_gmt":"2026-04-12T03:01:49","slug":"tra-sua-pho-mai-muoi-bien","status":"publish","type":"product","link":"https:\/\/kimhouse.azdigi.shop\/index.php\/product\/tra-sua-pho-mai-muoi-bien\/","title":{"rendered":"TR\u00c0 S\u1eeeA PH\u00d4 MAI MU\u1ed0I BI\u1ec2N"},"content":{"rendered":"<h2 data-path-to-node=\"3\">Tr\u00e0 S\u1eefa Ph\u00f4 Mai Mu\u1ed1i Bi\u1ec3n KimHouse \u2013 \u0110\u1ec9nh Cao C\u1ee7a S\u1ef1 B\u00e9o Ng\u1eady<\/h2>\n<p data-path-to-node=\"4\">N\u1ebfu b\u1ea1n l\u00e0 m\u1ed9t t\u00edn \u0111\u1ed3 c\u1ee7a nh\u1eefng th\u1ee9c u\u1ed1ng \u0111\u1eadm \u0111\u00e0 v\u00e0 b\u00e9o ng\u1eady. Ch\u1eafc ch\u1eafn kh\u00f4ng th\u1ec3 b\u1ecf qua m\u00f3n <b data-path-to-node=\"4\" data-index-in-node=\"93\">tr\u00e0 s\u1eefa ph\u00f4 mai mu\u1ed1i bi\u1ec3n<\/b> t\u1ea1i KimHouse. \u0110\u00e2y l\u00e0 s\u1ef1 k\u1ebft h\u1ee3p \u0111\u1ea7y t\u00e1o b\u1ea1o gi\u1eefa c\u1ed1t tr\u00e0 s\u1eefa th\u01a1m n\u1ed3ng v\u00e0 l\u1edbp kem m\u1eb7n \u0111\u1ed9c \u0111\u00e1o. Mang \u0111\u1ebfn m\u1ed9t tr\u1ea3i nghi\u1ec7m v\u1ecb gi\u00e1c m\u1edbi l\u1ea1, x\u00f3a tan c\u1ea3m gi\u00e1c nh\u00e0m ch\u00e1n c\u1ee7a c\u00e1c lo\u1ea1i tr\u00e0 truy\u1ec1n th\u1ed1ng.<\/p>\n<h3 data-path-to-node=\"5\">B\u00ed m\u1eadt t\u1ea1o n\u00ean s\u1ee9c h\u00fat c\u1ee7a l\u1edbp kem ph\u00f4 mai mu\u1ed1i bi\u1ec3n<\/h3>\n<p data-path-to-node=\"6\">\u0110i\u1ec1u khi\u1ebfn m\u00f3n <b data-path-to-node=\"6\" data-index-in-node=\"15\">tr\u00e0 s\u1eefa ph\u00f4 mai mu\u1ed1i bi\u1ec3n<\/b> t\u1ea1i <b data-path-to-node=\"6\" data-index-in-node=\"45\">KimHouse<\/b> tr\u1edf n\u00ean kh\u00e1c bi\u1ec7t ch\u00ednh l\u00e0 l\u1edbp m\u00e0ng kem (macchiato) b\u00ean tr\u00ean. Ch\u00fang t\u00f4i s\u1eed d\u1ee5ng ph\u00f4 mai t\u01b0\u01a1i cao c\u1ea5p. \u0110\u00e1nh b\u00f4ng c\u00f9ng kem s\u1eefa v\u00e0 m\u1ed9t ch\u00fat mu\u1ed1i bi\u1ec3n tinh khi\u1ebft. K\u1ebft qu\u1ea3 l\u00e0 m\u1ed9t l\u1edbp kem s\u00e1nh m\u1ecbn. C\u00f3 v\u1ecb b\u00e9o ng\u1eady \u0111\u1eb7c tr\u01b0ng c\u1ee7a ph\u00f4 mai h\u00f2a quy\u1ec7n c\u00f9ng v\u1ecb m\u1eb7n nh\u1eb9 nh\u00e0ng, thanh tho\u00e1t c\u1ee7a mu\u1ed1i.<\/p>\n<p data-path-to-node=\"7\">Khi th\u01b0\u1edfng th\u1ee9c, thay v\u00ec d\u00f9ng \u1ed1ng h\u00fat. B\u1ea1n n\u00ean nghi\u00eang ly 45 \u0111\u1ed9 \u0111\u1ec3 l\u1edbp kem mu\u1ed1i ch\u1ea1m v\u00e0o \u0111\u1ea7u l\u01b0\u1ee1i tr\u01b0\u1edbc. Sau \u0111\u00f3 m\u1edbi \u0111\u1ebfn v\u1ecb tr\u00e0 s\u1eefa ng\u1ecdt ng\u00e0o ph\u00eda d\u01b0\u1edbi. S\u1ef1 \u0111\u1ed1i l\u1eadp gi\u1eefa m\u1eb7n v\u00e0 ng\u1ecdt, b\u00e9o v\u00e0 thanh t\u1ea1o n\u00ean m\u1ed9t t\u1ed5ng th\u1ec3 h\u00e0i h\u00f2a. Khi\u1ebfn b\u1ea1n mu\u1ed1n nh\u00e2m nhi m\u00e3i kh\u00f4ng th\u00f4i.<\/p>\n<h3 data-path-to-node=\"8\">T\u1ea1i sao KimHouse l\u00e0 \u0111\u1ecba \u0111i\u1ec3m th\u01b0\u1edfng th\u1ee9c tr\u00e0 s\u1eefa l\u00fd t\u01b0\u1edfng?<\/h3>\n<p data-path-to-node=\"9\">Ch\u00fang t\u00f4i lu\u00f4n \u0111\u1eb7t ch\u1ea5t l\u01b0\u1ee3ng v\u00e0 s\u1ef1 an to\u00e0n c\u1ee7a kh\u00e1ch h\u00e0ng l\u00ean h\u00e0ng \u0111\u1ea7u th\u00f4ng qua:<\/p>\n<ul data-path-to-node=\"10\">\n<li>\n<p data-path-to-node=\"10,0,0\"><b data-path-to-node=\"10,0,0\" data-index-in-node=\"0\">Nguy\u00ean li\u1ec7u cao c\u1ea5p:<\/b> Tr\u00e0 \u0111en \u1ee7 th\u1ee7 c\u00f4ng k\u1ebft h\u1ee3p c\u00f9ng ph\u00f4 mai nh\u1eadp kh\u1ea9u ch\u00ednh ng\u1ea1ch.<\/p>\n<\/li>\n<li>\n<p data-path-to-node=\"10,1,0\"><b data-path-to-node=\"10,1,0\" data-index-in-node=\"0\">\u0110\u1ed9 ng\u1ecdt t\u00f9y ch\u1ec9nh:<\/b> Kh\u00e1ch h\u00e0ng c\u00f3 th\u1ec3 d\u1ec5 d\u00e0ng y\u00eau c\u1ea7u m\u1ee9c \u0111\u01b0\u1eddng \u0111\u00e1 ph\u00f9 h\u1ee3p v\u1edbi kh\u1ea9u v\u1ecb c\u00e1 nh\u00e2n.<\/p>\n<\/li>\n<li>\n<p data-path-to-node=\"10,2,0\"><b data-path-to-node=\"10,2,0\" data-index-in-node=\"0\">L\u00e0m m\u1edbi m\u1ed7i ng\u00e0y:<\/b> L\u1edbp kem mu\u1ed1i lu\u00f4n \u0111\u01b0\u1ee3c \u0111\u00e1nh m\u1edbi theo t\u1eebng ca l\u00e0m vi\u1ec7c \u0111\u1ec3 gi\u1eef \u0111\u01b0\u1ee3c \u0111\u1ed9 t\u01b0\u01a1i. V\u00e0 k\u1ebft c\u1ea5u ho\u00e0n h\u1ea3o nh\u1ea5t.<\/p>\n<\/li>\n<\/ul>\n<p data-path-to-node=\"11\">Th\u01b0\u1edfng th\u1ee9c m\u1ed9t ly n\u01b0\u1edbc ngon l\u00e0 c\u00e1ch tuy\u1ec7t v\u1eddi \u0111\u1ec3 n\u1ea1p l\u1ea1i n\u0103ng l\u01b0\u1ee3ng sau nh\u1eefng gi\u1edd l\u00e0m vi\u1ec7c m\u1ec7t m\u1ecfi. B\u1ea1n c\u00f3 th\u1ec3 t\u00ecm hi\u1ec3u th\u00eam v\u1ec1 l\u1ecbch s\u1eed c\u1ee7a <b data-path-to-node=\"11\" data-index-in-node=\"141\"><a class=\"ng-star-inserted\" href=\"https:\/\/vi.wikipedia.org\/wiki\/Tr%C3%A0_s%E1%BB%AFa\" target=\"_blank\" rel=\"noopener\" data-hveid=\"0\" data-ved=\"0CAAQ_4QMahgKEwjymovG8uCTAxUAAAAAHQAAAAAQkwY\">tr\u00e0 s\u1eefa<\/a><\/b> \u0111\u1ec3 th\u1ea5y \u0111\u01b0\u1ee3c s\u1ef1 s\u00e1ng t\u1ea1o kh\u00f4ng ng\u1eebng c\u1ee7a m\u00f3n \u0111\u1ed3 u\u1ed1ng n\u00e0y. Ngo\u00e0i ra, \u0111\u1eebng qu\u00ean tham kh\u1ea3o MENU KIMHOUSE \u0111\u1ec3 kh\u00f4ng b\u1ecf l\u1ee1 nh\u1eefng h\u01b0\u01a1ng v\u1ecb h\u1ea5p d\u1eabn kh\u00e1c nh\u00e9.<\/p>\n","protected":false},"excerpt":{"rendered":"<p><strong>TH\u01a0M NGON B\u00c9O NG\u1eacY &#8211; M\u1edcI B\u1ea0N U\u1ed0NG NGAY\u00a0<\/strong><\/p>\n","protected":false},"featured_media":373,"template":"","meta":[],"product_brand":[],"product_cat":[40],"product_tag":[],"class_list":{"0":"post-372","1":"product","2":"type-product","3":"status-publish","4":"has-post-thumbnail","6":"product_cat-uncategorized","8":"first","9":"instock","10":"sale","11":"shipping-taxable","12":"purchasable","13":"product-type-variable"},"yoast_head":"<!-- This site is optimized with the Yoast SEO plugin v27.2 - https:\/\/yoast.com\/product\/yoast-seo-wordpress\/ -->\n<title>TR\u00c0 S\u1eeeA PH\u00d4 MAI MU\u1ed0I BI\u1ec2N - KIM HOUSE<\/title>\n<meta name=\"robots\" content=\"index, follow, max-snippet:-1, max-image-preview:large, max-video-preview:-1\" \/>\n<link rel=\"canonical\" href=\"https:\/\/kimhouse.azdigi.shop\/index.php\/product\/tra-sua-pho-mai-muoi-bien\/\" \/>\n<meta property=\"og:locale\" content=\"en_US\" \/>\n<meta property=\"og:type\" content=\"article\" \/>\n<meta property=\"og:title\" content=\"TR\u00c0 S\u1eeeA PH\u00d4 MAI MU\u1ed0I BI\u1ec2N - KIM HOUSE\" \/>\n<meta property=\"og:description\" content=\"TH\u01a0M NGON B\u00c9O NG\u1eacY - M\u1edcI B\u1ea0N U\u1ed0NG NGAY\u00a0\" \/>\n<meta property=\"og:url\" content=\"https:\/\/kimhouse.azdigi.shop\/index.php\/product\/tra-sua-pho-mai-muoi-bien\/\" \/>\n<meta property=\"og:site_name\" content=\"KIM HOUSE\" \/>\n<meta property=\"article:modified_time\" content=\"2026-04-12T03:01:49+00:00\" \/>\n<meta property=\"og:image\" content=\"https:\/\/kimhouse.azdigi.shop\/wp-content\/uploads\/2026\/04\/tra-sua-muoi-bien-.jpg\" \/>\n\t<meta property=\"og:image:width\" content=\"1024\" \/>\n\t<meta property=\"og:image:height\" content=\"1024\" \/>\n\t<meta property=\"og:image:type\" content=\"image\/jpeg\" \/>\n<meta name=\"twitter:card\" content=\"summary_large_image\" \/>\n<meta name=\"twitter:label1\" content=\"Est. reading time\" \/>\n\t<meta name=\"twitter:data1\" content=\"2 minutes\" \/>\n<script type=\"application\/ld+json\" class=\"yoast-schema-graph\">{\"@context\":\"https:\/\/schema.org\",\"@graph\":[{\"@type\":\"WebPage\",\"@id\":\"https:\/\/kimhouse.azdigi.shop\/index.php\/product\/tra-sua-pho-mai-muoi-bien\/\",\"url\":\"https:\/\/kimhouse.azdigi.shop\/index.php\/product\/tra-sua-pho-mai-muoi-bien\/\",\"name\":\"TR\u00c0 S\u1eeeA PH\u00d4 MAI MU\u1ed0I BI\u1ec2N - KIM HOUSE\",\"isPartOf\":{\"@id\":\"https:\/\/kimhouse.azdigi.shop\/#website\"},\"primaryImageOfPage\":{\"@id\":\"https:\/\/kimhouse.azdigi.shop\/index.php\/product\/tra-sua-pho-mai-muoi-bien\/#primaryimage\"},\"image\":{\"@id\":\"https:\/\/kimhouse.azdigi.shop\/index.php\/product\/tra-sua-pho-mai-muoi-bien\/#primaryimage\"},\"thumbnailUrl\":\"https:\/\/kimhouse.azdigi.shop\/wp-content\/uploads\/2026\/04\/tra-sua-muoi-bien-.jpg\",\"datePublished\":\"2026-04-10T10:10:05+00:00\",\"dateModified\":\"2026-04-12T03:01:49+00:00\",\"breadcrumb\":{\"@id\":\"https:\/\/kimhouse.azdigi.shop\/index.php\/product\/tra-sua-pho-mai-muoi-bien\/#breadcrumb\"},\"inLanguage\":\"en-US\",\"potentialAction\":[{\"@type\":\"ReadAction\",\"target\":[\"https:\/\/kimhouse.azdigi.shop\/index.php\/product\/tra-sua-pho-mai-muoi-bien\/\"]}]},{\"@type\":\"ImageObject\",\"inLanguage\":\"en-US\",\"@id\":\"https:\/\/kimhouse.azdigi.shop\/index.php\/product\/tra-sua-pho-mai-muoi-bien\/#primaryimage\",\"url\":\"https:\/\/kimhouse.azdigi.shop\/wp-content\/uploads\/2026\/04\/tra-sua-muoi-bien-.jpg\",\"contentUrl\":\"https:\/\/kimhouse.azdigi.shop\/wp-content\/uploads\/2026\/04\/tra-sua-muoi-bien-.jpg\",\"width\":1024,\"height\":1024},{\"@type\":\"BreadcrumbList\",\"@id\":\"https:\/\/kimhouse.azdigi.shop\/index.php\/product\/tra-sua-pho-mai-muoi-bien\/#breadcrumb\",\"itemListElement\":[{\"@type\":\"ListItem\",\"position\":1,\"name\":\"Home\",\"item\":\"https:\/\/kimhouse.azdigi.shop\/\"},{\"@type\":\"ListItem\",\"position\":2,\"name\":\"Shop\",\"item\":\"https:\/\/kimhouse.azdigi.shop\/index.php\/shop\/\"},{\"@type\":\"ListItem\",\"position\":3,\"name\":\"TR\u00c0 S\u1eeeA PH\u00d4 MAI MU\u1ed0I BI\u1ec2N\"}]},{\"@type\":\"WebSite\",\"@id\":\"https:\/\/kimhouse.azdigi.shop\/#website\",\"url\":\"https:\/\/kimhouse.azdigi.shop\/\",\"name\":\"KIM HOUSE\",\"description\":\"G\u00f3i tr\u1ecdn tinh tu\u00fd - G\u00f3i tr\u1ecdn y\u00eau th\u01b0\u01a1ng \",\"publisher\":{\"@id\":\"https:\/\/kimhouse.azdigi.shop\/#\/schema\/person\/e006cb0befa6ce1803c1227789a850f4\"},\"potentialAction\":[{\"@type\":\"SearchAction\",\"target\":{\"@type\":\"EntryPoint\",\"urlTemplate\":\"https:\/\/kimhouse.azdigi.shop\/?s={search_term_string}\"},\"query-input\":{\"@type\":\"PropertyValueSpecification\",\"valueRequired\":true,\"valueName\":\"search_term_string\"}}],\"inLanguage\":\"en-US\"},{\"@type\":[\"Person\",\"Organization\"],\"@id\":\"https:\/\/kimhouse.azdigi.shop\/#\/schema\/person\/e006cb0befa6ce1803c1227789a850f4\",\"name\":\"thaithikimthao\",\"image\":{\"@type\":\"ImageObject\",\"inLanguage\":\"en-US\",\"@id\":\"https:\/\/kimhouse.azdigi.shop\/wp-content\/uploads\/2026\/03\/LO-GO.png\",\"url\":\"https:\/\/kimhouse.azdigi.shop\/wp-content\/uploads\/2026\/03\/LO-GO.png\",\"contentUrl\":\"https:\/\/kimhouse.azdigi.shop\/wp-content\/uploads\/2026\/03\/LO-GO.png\",\"width\":2000,\"height\":2000,\"caption\":\"thaithikimthao\"},\"logo\":{\"@id\":\"https:\/\/kimhouse.azdigi.shop\/wp-content\/uploads\/2026\/03\/LO-GO.png\"},\"sameAs\":[\"https:\/\/kimhouse.azdigi.shop\"]}]}<\/script>\n<!-- \/ Yoast SEO plugin. -->","yoast_head_json":{"title":"TR\u00c0 S\u1eeeA PH\u00d4 MAI MU\u1ed0I BI\u1ec2N - KIM HOUSE","robots":{"index":"index","follow":"follow","max-snippet":"max-snippet:-1","max-image-preview":"max-image-preview:large","max-video-preview":"max-video-preview:-1"},"canonical":"https:\/\/kimhouse.azdigi.shop\/index.php\/product\/tra-sua-pho-mai-muoi-bien\/","og_locale":"en_US","og_type":"article","og_title":"TR\u00c0 S\u1eeeA PH\u00d4 MAI MU\u1ed0I BI\u1ec2N - KIM HOUSE","og_description":"TH\u01a0M NGON B\u00c9O NG\u1eacY - M\u1edcI B\u1ea0N U\u1ed0NG NGAY\u00a0","og_url":"https:\/\/kimhouse.azdigi.shop\/index.php\/product\/tra-sua-pho-mai-muoi-bien\/","og_site_name":"KIM HOUSE","article_modified_time":"2026-04-12T03:01:49+00:00","og_image":[{"width":1024,"height":1024,"url":"https:\/\/kimhouse.azdigi.shop\/wp-content\/uploads\/2026\/04\/tra-sua-muoi-bien-.jpg","type":"image\/jpeg"}],"twitter_card":"summary_large_image","twitter_misc":{"Est. reading time":"2 minutes"},"schema":{"@context":"https:\/\/schema.org","@graph":[{"@type":"WebPage","@id":"https:\/\/kimhouse.azdigi.shop\/index.php\/product\/tra-sua-pho-mai-muoi-bien\/","url":"https:\/\/kimhouse.azdigi.shop\/index.php\/product\/tra-sua-pho-mai-muoi-bien\/","name":"TR\u00c0 S\u1eeeA PH\u00d4 MAI MU\u1ed0I BI\u1ec2N - KIM HOUSE","isPartOf":{"@id":"https:\/\/kimhouse.azdigi.shop\/#website"},"primaryImageOfPage":{"@id":"https:\/\/kimhouse.azdigi.shop\/index.php\/product\/tra-sua-pho-mai-muoi-bien\/#primaryimage"},"image":{"@id":"https:\/\/kimhouse.azdigi.shop\/index.php\/product\/tra-sua-pho-mai-muoi-bien\/#primaryimage"},"thumbnailUrl":"https:\/\/kimhouse.azdigi.shop\/wp-content\/uploads\/2026\/04\/tra-sua-muoi-bien-.jpg","datePublished":"2026-04-10T10:10:05+00:00","dateModified":"2026-04-12T03:01:49+00:00","breadcrumb":{"@id":"https:\/\/kimhouse.azdigi.shop\/index.php\/product\/tra-sua-pho-mai-muoi-bien\/#breadcrumb"},"inLanguage":"en-US","potentialAction":[{"@type":"ReadAction","target":["https:\/\/kimhouse.azdigi.shop\/index.php\/product\/tra-sua-pho-mai-muoi-bien\/"]}]},{"@type":"ImageObject","inLanguage":"en-US","@id":"https:\/\/kimhouse.azdigi.shop\/index.php\/product\/tra-sua-pho-mai-muoi-bien\/#primaryimage","url":"https:\/\/kimhouse.azdigi.shop\/wp-content\/uploads\/2026\/04\/tra-sua-muoi-bien-.jpg","contentUrl":"https:\/\/kimhouse.azdigi.shop\/wp-content\/uploads\/2026\/04\/tra-sua-muoi-bien-.jpg","width":1024,"height":1024},{"@type":"BreadcrumbList","@id":"https:\/\/kimhouse.azdigi.shop\/index.php\/product\/tra-sua-pho-mai-muoi-bien\/#breadcrumb","itemListElement":[{"@type":"ListItem","position":1,"name":"Home","item":"https:\/\/kimhouse.azdigi.shop\/"},{"@type":"ListItem","position":2,"name":"Shop","item":"https:\/\/kimhouse.azdigi.shop\/index.php\/shop\/"},{"@type":"ListItem","position":3,"name":"TR\u00c0 S\u1eeeA PH\u00d4 MAI MU\u1ed0I BI\u1ec2N"}]},{"@type":"WebSite","@id":"https:\/\/kimhouse.azdigi.shop\/#website","url":"https:\/\/kimhouse.azdigi.shop\/","name":"KIM HOUSE","description":"G\u00f3i tr\u1ecdn tinh tu\u00fd - G\u00f3i tr\u1ecdn y\u00eau th\u01b0\u01a1ng ","publisher":{"@id":"https:\/\/kimhouse.azdigi.shop\/#\/schema\/person\/e006cb0befa6ce1803c1227789a850f4"},"potentialAction":[{"@type":"SearchAction","target":{"@type":"EntryPoint","urlTemplate":"https:\/\/kimhouse.azdigi.shop\/?s={search_term_string}"},"query-input":{"@type":"PropertyValueSpecification","valueRequired":true,"valueName":"search_term_string"}}],"inLanguage":"en-US"},{"@type":["Person","Organization"],"@id":"https:\/\/kimhouse.azdigi.shop\/#\/schema\/person\/e006cb0befa6ce1803c1227789a850f4","name":"thaithikimthao","image":{"@type":"ImageObject","inLanguage":"en-US","@id":"https:\/\/kimhouse.azdigi.shop\/wp-content\/uploads\/2026\/03\/LO-GO.png","url":"https:\/\/kimhouse.azdigi.shop\/wp-content\/uploads\/2026\/03\/LO-GO.png","contentUrl":"https:\/\/kimhouse.azdigi.shop\/wp-content\/uploads\/2026\/03\/LO-GO.png","width":2000,"height":2000,"caption":"thaithikimthao"},"logo":{"@id":"https:\/\/kimhouse.azdigi.shop\/wp-content\/uploads\/2026\/03\/LO-GO.png"},"sameAs":["https:\/\/kimhouse.azdigi.shop"]}]}},"_links":{"self":[{"href":"https:\/\/kimhouse.azdigi.shop\/index.php\/wp-json\/wp\/v2\/product\/372","targetHints":{"allow":["GET"]}}],"collection":[{"href":"https:\/\/kimhouse.azdigi.shop\/index.php\/wp-json\/wp\/v2\/product"}],"about":[{"href":"https:\/\/kimhouse.azdigi.shop\/index.php\/wp-json\/wp\/v2\/types\/product"}],"wp:featuredmedia":[{"embeddable":true,"href":"https:\/\/kimhouse.azdigi.shop\/index.php\/wp-json\/wp\/v2\/media\/373"}],"wp:attachment":[{"href":"https:\/\/kimhouse.azdigi.shop\/index.php\/wp-json\/wp\/v2\/media?parent=372"}],"wp:term":[{"taxonomy":"product_brand","embeddable":true,"href":"https:\/\/kimhouse.azdigi.shop\/index.php\/wp-json\/wp\/v2\/product_brand?post=372"},{"taxonomy":"product_cat","embeddable":true,"href":"https:\/\/kimhouse.azdigi.shop\/index.php\/wp-json\/wp\/v2\/product_cat?post=372"},{"taxonomy":"product_tag","embeddable":true,"href":"https:\/\/kimhouse.azdigi.shop\/index.php\/wp-json\/wp\/v2\/product_tag?post=372"}],"curies":[{"name":"wp","href":"https:\/\/api.w.org\/{rel}","templated":true}]}}