{"id":321,"date":"2026-04-10T08:49:22","date_gmt":"2026-04-10T08:49:22","guid":{"rendered":"https:\/\/kimhouse.azdigi.shop\/?post_type=product&#038;p=321"},"modified":"2026-04-12T03:11:07","modified_gmt":"2026-04-12T03:11:07","slug":"ca-phe-phien-ban","status":"publish","type":"product","link":"https:\/\/kimhouse.azdigi.shop\/index.php\/product\/ca-phe-phien-ban\/","title":{"rendered":"C\u00c0 PH\u00ca PHI\u00caN B\u1ea2N"},"content":{"rendered":"<h2 data-path-to-node=\"2\">C\u00e0 Ph\u00ea Phi\u00ean B\u1ea3n \u0110\u1eb7c Bi\u1ec7t T\u1ea1i KimHouse \u2013 \u0110\u1eb3ng C\u1ea5p V\u1ecb Gi\u00e1c<\/h2>\n<p data-path-to-node=\"3\">T\u1ea1i KimHouse, ch\u00fang t\u00f4i tin r\u1eb1ng m\u1ed7i t\u00e1ch c\u00e0 ph\u00ea kh\u00f4ng ch\u1ec9 l\u00e0 m\u1ed9t th\u1ee9c u\u1ed1ng. M\u00e0 c\u00f2n l\u00e0 m\u1ed9t t\u00e1c ph\u1ea9m ngh\u1ec7 thu\u1eadt. \u0110\u1ec3 mang \u0111\u1ebfn tr\u1ea3i nghi\u1ec7m th\u01b0\u1ee3ng l\u01b0u cho qu\u00fd kh\u00e1ch, d\u00f2ng <b data-path-to-node=\"3\" data-index-in-node=\"166\">c\u00e0 ph\u00ea phi\u00ean b\u1ea3n \u0111\u1eb7c bi\u1ec7t<\/b> \u0111\u00e3 ra \u0111\u1eddi. \u0110\u00e2y l\u00e0 s\u1ef1 k\u1ebft tinh gi\u1eefa h\u1ea1t c\u00e0 ph\u00ea tuy\u1ec3n ch\u1ecdn v\u00e0 k\u1ef9 thu\u1eadt pha ch\u1ebf b\u1eadc th\u1ea7y. \u0110\u01b0\u1ee3c ph\u1ee5c v\u1ee5 trong b\u1ed9 ly \u0111\u1eb7c bi\u1ec7t \u0111\u1ec3 gi\u1eef tr\u1ecdn v\u1eb9n h\u01b0\u01a1ng s\u1eafc tinh kh\u00f4i.<\/p>\n<h3 data-path-to-node=\"4\">S\u1ef1 \u0111\u1ed9c \u0111\u00e1o trong h\u01b0\u01a1ng v\u1ecb c\u00e0 ph\u00ea phi\u00ean b\u1ea3n \u0111\u1eb7c bi\u1ec7t<\/h3>\n<p data-path-to-node=\"5\">B\u00ed m\u1eadt l\u00e0m n\u00ean s\u1ef1 kh\u00e1c bi\u1ec7t c\u1ee7a d\u00f2ng <b data-path-to-node=\"5\" data-index-in-node=\"37\">c\u00e0 ph\u00ea phi\u00ean b\u1ea3n \u0111\u1eb7c bi\u1ec7t<\/b> t\u1ea1i <b data-path-to-node=\"5\" data-index-in-node=\"67\">KimHouse<\/b> ch\u00ednh l\u00e0 ngu\u1ed3n nguy\u00ean li\u1ec7u. Ch\u00fang t\u00f4i s\u1eed d\u1ee5ng nh\u1eefng h\u1ea1t Arabica \u0111\u1ea1t chu\u1ea9n Specialty t\u1eeb v\u00f9ng c\u1ea7u \u0110\u1ea5t. K\u1ebft h\u1ee3p c\u00f9ng Robusta m\u1eadt ong v\u00f9ng cao nguy\u00ean. Qu\u00e1 tr\u00ecnh rang xay \u0111\u01b0\u1ee3c th\u1ef1c hi\u1ec7n th\u1ee7 c\u00f4ng theo t\u1eebng m\u1ebb nh\u1ecf \u0111\u1ec3 ki\u1ec3m so\u00e1t tuy\u1ec7t \u0111\u1ed1i \u0111\u1ed9 \u0111\u1eadm v\u00e0 h\u01b0\u01a1ng th\u01a1m.<\/p>\n<p data-path-to-node=\"6\">Khi th\u01b0\u1edfng th\u1ee9c, b\u1ea1n s\u1ebd c\u1ea3m nh\u1eadn \u0111\u01b0\u1ee3c s\u1ef1 chuy\u1ec3n bi\u1ebfn k\u1ef3 di\u1ec7u. T\u1eeb v\u1ecb \u0111\u1eafng thanh tho\u00e1t \u0111\u1ebfn h\u1eadu v\u1ecb ng\u1ecdt h\u1eadu s\u00e2u l\u1eafng. \u0110\u1eb7c bi\u1ec7t, vi\u1ec7c s\u1eed d\u1ee5ng ly pha l\u00ea cao c\u1ea5p gi\u00fap duy tr\u00ec nhi\u1ec7t \u0111\u1ed9 \u1ed5n \u0111\u1ecbnh. Cho ph\u00e9p c\u00e1c t\u1ea7ng h\u01b0\u01a1ng v\u1ecb bung t\u1ecfa m\u1ea1nh m\u1ebd nh\u1ea5t khi ch\u1ea1m v\u00e0o v\u1ecb gi\u00e1c c\u1ee7a ng\u01b0\u1eddi th\u01b0\u1edfng th\u1ee9c.<\/p>\n<h3 data-path-to-node=\"7\">T\u1ea1i sao b\u1ea1n n\u00ean tr\u1ea3i nghi\u1ec7m d\u00f2ng s\u1ea3n ph\u1ea9m n\u00e0y t\u1ea1i KimHouse?<\/h3>\n<ul data-path-to-node=\"8\">\n<li>\n<p data-path-to-node=\"8,0,0\"><b data-path-to-node=\"8,0,0\" data-index-in-node=\"0\">Thi\u1ebft k\u1ebf ly \u0111\u1eb7c bi\u1ec7t:<\/b> H\u00ecnh d\u00e1ng ly \u0111\u01b0\u1ee3c nghi\u00ean c\u1ee9u \u0111\u1ec3 t\u1eadp trung kh\u1ee9u gi\u00e1c v\u00e0o m\u00f9i h\u01b0\u01a1ng \u0111\u1eb7c tr\u01b0ng c\u1ee7a c\u00e0 ph\u00ea.<\/p>\n<\/li>\n<li>\n<p data-path-to-node=\"8,1,0\"><b data-path-to-node=\"8,1,0\" data-index-in-node=\"0\">Nguy\u00ean li\u1ec7u th\u01b0\u1ee3ng h\u1ea1ng:<\/b> Ch\u1ec9 s\u1eed d\u1ee5ng 1% s\u1ea3n l\u01b0\u1ee3ng c\u00e0 ph\u00ea t\u1ed1t nh\u1ea5t th\u1ebf gi\u1edbi \u0111\u1ec3 ph\u1ee5c v\u1ee5 phi\u00ean b\u1ea3n n\u00e0y.<\/p>\n<\/li>\n<li>\n<p data-path-to-node=\"8,2,0\"><b data-path-to-node=\"8,2,0\" data-index-in-node=\"0\">Kh\u00f4ng gian th\u01b0\u1edfng th\u1ee9c:<\/b> KimHouse mang \u0111\u1ebfn m\u1ed9t g\u00f3c nh\u1ecf y\u00ean t\u0129nh. Gi\u00fap b\u1ea1n t\u1eadn h\u01b0\u1edfng tr\u1ecdn v\u1eb9n t\u1eebng gi\u1ecdt c\u00e0 ph\u00ea tinh t\u00fay.<\/p>\n<\/li>\n<\/ul>\n<p data-path-to-node=\"9\">Th\u01b0\u1edfng th\u1ee9c c\u00e0 ph\u00ea \u0111\u00fang c\u00e1ch kh\u00f4ng ch\u1ec9 gi\u00fap t\u1ec9nh t\u00e1o m\u00e0 c\u00f2n l\u00e0 c\u00e1ch \u0111\u1ec3 t\u00f4n vinh gi\u00e1 tr\u1ecb c\u1ee7a n\u00f4ng s\u1ea3n Vi\u1ec7t. B\u1ea1n c\u00f3 th\u1ec3 t\u00ecm hi\u1ec3u th\u00eam v\u1ec1 l\u1ecbch s\u1eed l\u00e2u \u0111\u1eddi c\u1ee7a <b data-path-to-node=\"9\" data-index-in-node=\"155\"><a class=\"ng-star-inserted\" href=\"https:\/\/vi.wikipedia.org\/wiki\/C%C3%A0_ph%C3%AA\" target=\"_blank\" rel=\"noopener\" data-hveid=\"0\" data-ved=\"0CAAQ_4QMahgKEwjymovG8uCTAxUAAAAAHQAAAAAQ2AM\">c\u00e2y c\u00e0 ph\u00ea<\/a><\/b> \u0111\u1ec3 hi\u1ec3u r\u00f5 h\u01a1n v\u1ec1 h\u00e0nh tr\u00ecnh t\u1eeb h\u1ea1t \u0111\u1ebfn t\u00e1ch. \u0110\u1eebng qu\u00ean kh\u00e1m ph\u00e1 th\u00eam MENU KIMHOUSE \u0111\u1ec3 l\u00e0m phong ph\u00fa th\u00eam b\u1ea3n \u0111\u1ed3 v\u1ecb gi\u00e1c c\u1ee7a m\u00ecnh.<\/p>\n<p data-path-to-node=\"10\">H\u00e3y gh\u00e9 th\u0103m <b data-path-to-node=\"10\" data-index-in-node=\"13\">KimHouse<\/b> ngay h\u00f4m nay. \u0110\u1ec3 tr\u1edf th\u00e0nh m\u1ed9t trong nh\u1eefng ng\u01b0\u1eddi \u0111\u1ea7u ti\u00ean s\u1edf h\u1eefu ly <b data-path-to-node=\"10\" data-index-in-node=\"89\">c\u00e0 ph\u00ea phi\u00ean b\u1ea3n \u0111\u1eb7c bi\u1ec7t. <\/b>V\u00e0 \u0111\u1eafm ch\u00ecm trong kh\u00f4ng gian ngh\u1ec7 thu\u1eadt \u0111\u1ea7y m\u00ea ho\u1eb7c!<\/p>\n","protected":false},"excerpt":{"rendered":"<p>TH\u01a0M NGON B\u00c9O NG\u1eacY &#8211; M\u1edcI B\u1ea0N U\u1ed0NG NGAY<\/p>\n<p>PHI\u00caN B\u1ea2N GI\u1edaI H\u1ea0N &#8211; TH\u1eec NGAY N\u00c0O !<\/p>\n","protected":false},"featured_media":159,"template":"","meta":[],"product_brand":[],"product_cat":[40],"product_tag":[],"class_list":{"0":"post-321","1":"product","2":"type-product","3":"status-publish","4":"has-post-thumbnail","6":"product_cat-uncategorized","8":"first","9":"instock","10":"shipping-taxable","11":"purchasable","12":"product-type-variable"},"yoast_head":"<!-- This site is optimized with the Yoast SEO plugin v27.2 - https:\/\/yoast.com\/product\/yoast-seo-wordpress\/ -->\n<title>C\u00c0 PH\u00ca PHI\u00caN B\u1ea2N - KIM HOUSE<\/title>\n<meta name=\"robots\" content=\"index, follow, max-snippet:-1, max-image-preview:large, max-video-preview:-1\" \/>\n<link rel=\"canonical\" href=\"https:\/\/kimhouse.azdigi.shop\/index.php\/product\/ca-phe-phien-ban\/\" \/>\n<meta property=\"og:locale\" content=\"en_US\" \/>\n<meta property=\"og:type\" content=\"article\" \/>\n<meta property=\"og:title\" content=\"C\u00c0 PH\u00ca PHI\u00caN B\u1ea2N - KIM HOUSE\" \/>\n<meta property=\"og:description\" content=\"TH\u01a0M NGON B\u00c9O NG\u1eacY - M\u1edcI B\u1ea0N U\u1ed0NG NGAY  PHI\u00caN B\u1ea2N GI\u1edaI H\u1ea0N - TH\u1eec NGAY N\u00c0O !\" \/>\n<meta property=\"og:url\" content=\"https:\/\/kimhouse.azdigi.shop\/index.php\/product\/ca-phe-phien-ban\/\" \/>\n<meta property=\"og:site_name\" content=\"KIM HOUSE\" \/>\n<meta property=\"article:modified_time\" content=\"2026-04-12T03:11:07+00:00\" \/>\n<meta property=\"og:image\" content=\"https:\/\/kimhouse.azdigi.shop\/wp-content\/uploads\/2026\/03\/LY-.png\" \/>\n\t<meta property=\"og:image:width\" content=\"1080\" \/>\n\t<meta property=\"og:image:height\" content=\"1920\" \/>\n\t<meta property=\"og:image:type\" content=\"image\/png\" \/>\n<meta name=\"twitter:card\" content=\"summary_large_image\" \/>\n<meta name=\"twitter:label1\" content=\"Est. reading time\" \/>\n\t<meta name=\"twitter:data1\" content=\"3 minutes\" \/>\n<script type=\"application\/ld+json\" class=\"yoast-schema-graph\">{\"@context\":\"https:\/\/schema.org\",\"@graph\":[{\"@type\":\"WebPage\",\"@id\":\"https:\/\/kimhouse.azdigi.shop\/index.php\/product\/ca-phe-phien-ban\/\",\"url\":\"https:\/\/kimhouse.azdigi.shop\/index.php\/product\/ca-phe-phien-ban\/\",\"name\":\"C\u00c0 PH\u00ca PHI\u00caN B\u1ea2N - KIM HOUSE\",\"isPartOf\":{\"@id\":\"https:\/\/kimhouse.azdigi.shop\/#website\"},\"primaryImageOfPage\":{\"@id\":\"https:\/\/kimhouse.azdigi.shop\/index.php\/product\/ca-phe-phien-ban\/#primaryimage\"},\"image\":{\"@id\":\"https:\/\/kimhouse.azdigi.shop\/index.php\/product\/ca-phe-phien-ban\/#primaryimage\"},\"thumbnailUrl\":\"https:\/\/kimhouse.azdigi.shop\/wp-content\/uploads\/2026\/03\/LY-.png\",\"datePublished\":\"2026-04-10T08:49:22+00:00\",\"dateModified\":\"2026-04-12T03:11:07+00:00\",\"breadcrumb\":{\"@id\":\"https:\/\/kimhouse.azdigi.shop\/index.php\/product\/ca-phe-phien-ban\/#breadcrumb\"},\"inLanguage\":\"en-US\",\"potentialAction\":[{\"@type\":\"ReadAction\",\"target\":[\"https:\/\/kimhouse.azdigi.shop\/index.php\/product\/ca-phe-phien-ban\/\"]}]},{\"@type\":\"ImageObject\",\"inLanguage\":\"en-US\",\"@id\":\"https:\/\/kimhouse.azdigi.shop\/index.php\/product\/ca-phe-phien-ban\/#primaryimage\",\"url\":\"https:\/\/kimhouse.azdigi.shop\/wp-content\/uploads\/2026\/03\/LY-.png\",\"contentUrl\":\"https:\/\/kimhouse.azdigi.shop\/wp-content\/uploads\/2026\/03\/LY-.png\",\"width\":1080,\"height\":1920},{\"@type\":\"BreadcrumbList\",\"@id\":\"https:\/\/kimhouse.azdigi.shop\/index.php\/product\/ca-phe-phien-ban\/#breadcrumb\",\"itemListElement\":[{\"@type\":\"ListItem\",\"position\":1,\"name\":\"Home\",\"item\":\"https:\/\/kimhouse.azdigi.shop\/\"},{\"@type\":\"ListItem\",\"position\":2,\"name\":\"Shop\",\"item\":\"https:\/\/kimhouse.azdigi.shop\/index.php\/shop\/\"},{\"@type\":\"ListItem\",\"position\":3,\"name\":\"C\u00c0 PH\u00ca PHI\u00caN B\u1ea2N\"}]},{\"@type\":\"WebSite\",\"@id\":\"https:\/\/kimhouse.azdigi.shop\/#website\",\"url\":\"https:\/\/kimhouse.azdigi.shop\/\",\"name\":\"KIM HOUSE\",\"description\":\"G\u00f3i tr\u1ecdn tinh tu\u00fd - G\u00f3i tr\u1ecdn y\u00eau th\u01b0\u01a1ng \",\"publisher\":{\"@id\":\"https:\/\/kimhouse.azdigi.shop\/#\/schema\/person\/e006cb0befa6ce1803c1227789a850f4\"},\"potentialAction\":[{\"@type\":\"SearchAction\",\"target\":{\"@type\":\"EntryPoint\",\"urlTemplate\":\"https:\/\/kimhouse.azdigi.shop\/?s={search_term_string}\"},\"query-input\":{\"@type\":\"PropertyValueSpecification\",\"valueRequired\":true,\"valueName\":\"search_term_string\"}}],\"inLanguage\":\"en-US\"},{\"@type\":[\"Person\",\"Organization\"],\"@id\":\"https:\/\/kimhouse.azdigi.shop\/#\/schema\/person\/e006cb0befa6ce1803c1227789a850f4\",\"name\":\"thaithikimthao\",\"image\":{\"@type\":\"ImageObject\",\"inLanguage\":\"en-US\",\"@id\":\"https:\/\/kimhouse.azdigi.shop\/wp-content\/uploads\/2026\/03\/LO-GO.png\",\"url\":\"https:\/\/kimhouse.azdigi.shop\/wp-content\/uploads\/2026\/03\/LO-GO.png\",\"contentUrl\":\"https:\/\/kimhouse.azdigi.shop\/wp-content\/uploads\/2026\/03\/LO-GO.png\",\"width\":2000,\"height\":2000,\"caption\":\"thaithikimthao\"},\"logo\":{\"@id\":\"https:\/\/kimhouse.azdigi.shop\/wp-content\/uploads\/2026\/03\/LO-GO.png\"},\"sameAs\":[\"https:\/\/kimhouse.azdigi.shop\"]}]}<\/script>\n<!-- \/ Yoast SEO plugin. -->","yoast_head_json":{"title":"C\u00c0 PH\u00ca PHI\u00caN B\u1ea2N - KIM HOUSE","robots":{"index":"index","follow":"follow","max-snippet":"max-snippet:-1","max-image-preview":"max-image-preview:large","max-video-preview":"max-video-preview:-1"},"canonical":"https:\/\/kimhouse.azdigi.shop\/index.php\/product\/ca-phe-phien-ban\/","og_locale":"en_US","og_type":"article","og_title":"C\u00c0 PH\u00ca PHI\u00caN B\u1ea2N - KIM HOUSE","og_description":"TH\u01a0M NGON B\u00c9O NG\u1eacY - M\u1edcI B\u1ea0N U\u1ed0NG NGAY  PHI\u00caN B\u1ea2N GI\u1edaI H\u1ea0N - TH\u1eec NGAY N\u00c0O !","og_url":"https:\/\/kimhouse.azdigi.shop\/index.php\/product\/ca-phe-phien-ban\/","og_site_name":"KIM HOUSE","article_modified_time":"2026-04-12T03:11:07+00:00","og_image":[{"width":1080,"height":1920,"url":"https:\/\/kimhouse.azdigi.shop\/wp-content\/uploads\/2026\/03\/LY-.png","type":"image\/png"}],"twitter_card":"summary_large_image","twitter_misc":{"Est. reading time":"3 minutes"},"schema":{"@context":"https:\/\/schema.org","@graph":[{"@type":"WebPage","@id":"https:\/\/kimhouse.azdigi.shop\/index.php\/product\/ca-phe-phien-ban\/","url":"https:\/\/kimhouse.azdigi.shop\/index.php\/product\/ca-phe-phien-ban\/","name":"C\u00c0 PH\u00ca PHI\u00caN B\u1ea2N - KIM HOUSE","isPartOf":{"@id":"https:\/\/kimhouse.azdigi.shop\/#website"},"primaryImageOfPage":{"@id":"https:\/\/kimhouse.azdigi.shop\/index.php\/product\/ca-phe-phien-ban\/#primaryimage"},"image":{"@id":"https:\/\/kimhouse.azdigi.shop\/index.php\/product\/ca-phe-phien-ban\/#primaryimage"},"thumbnailUrl":"https:\/\/kimhouse.azdigi.shop\/wp-content\/uploads\/2026\/03\/LY-.png","datePublished":"2026-04-10T08:49:22+00:00","dateModified":"2026-04-12T03:11:07+00:00","breadcrumb":{"@id":"https:\/\/kimhouse.azdigi.shop\/index.php\/product\/ca-phe-phien-ban\/#breadcrumb"},"inLanguage":"en-US","potentialAction":[{"@type":"ReadAction","target":["https:\/\/kimhouse.azdigi.shop\/index.php\/product\/ca-phe-phien-ban\/"]}]},{"@type":"ImageObject","inLanguage":"en-US","@id":"https:\/\/kimhouse.azdigi.shop\/index.php\/product\/ca-phe-phien-ban\/#primaryimage","url":"https:\/\/kimhouse.azdigi.shop\/wp-content\/uploads\/2026\/03\/LY-.png","contentUrl":"https:\/\/kimhouse.azdigi.shop\/wp-content\/uploads\/2026\/03\/LY-.png","width":1080,"height":1920},{"@type":"BreadcrumbList","@id":"https:\/\/kimhouse.azdigi.shop\/index.php\/product\/ca-phe-phien-ban\/#breadcrumb","itemListElement":[{"@type":"ListItem","position":1,"name":"Home","item":"https:\/\/kimhouse.azdigi.shop\/"},{"@type":"ListItem","position":2,"name":"Shop","item":"https:\/\/kimhouse.azdigi.shop\/index.php\/shop\/"},{"@type":"ListItem","position":3,"name":"C\u00c0 PH\u00ca PHI\u00caN B\u1ea2N"}]},{"@type":"WebSite","@id":"https:\/\/kimhouse.azdigi.shop\/#website","url":"https:\/\/kimhouse.azdigi.shop\/","name":"KIM HOUSE","description":"G\u00f3i tr\u1ecdn tinh tu\u00fd - G\u00f3i tr\u1ecdn y\u00eau th\u01b0\u01a1ng ","publisher":{"@id":"https:\/\/kimhouse.azdigi.shop\/#\/schema\/person\/e006cb0befa6ce1803c1227789a850f4"},"potentialAction":[{"@type":"SearchAction","target":{"@type":"EntryPoint","urlTemplate":"https:\/\/kimhouse.azdigi.shop\/?s={search_term_string}"},"query-input":{"@type":"PropertyValueSpecification","valueRequired":true,"valueName":"search_term_string"}}],"inLanguage":"en-US"},{"@type":["Person","Organization"],"@id":"https:\/\/kimhouse.azdigi.shop\/#\/schema\/person\/e006cb0befa6ce1803c1227789a850f4","name":"thaithikimthao","image":{"@type":"ImageObject","inLanguage":"en-US","@id":"https:\/\/kimhouse.azdigi.shop\/wp-content\/uploads\/2026\/03\/LO-GO.png","url":"https:\/\/kimhouse.azdigi.shop\/wp-content\/uploads\/2026\/03\/LO-GO.png","contentUrl":"https:\/\/kimhouse.azdigi.shop\/wp-content\/uploads\/2026\/03\/LO-GO.png","width":2000,"height":2000,"caption":"thaithikimthao"},"logo":{"@id":"https:\/\/kimhouse.azdigi.shop\/wp-content\/uploads\/2026\/03\/LO-GO.png"},"sameAs":["https:\/\/kimhouse.azdigi.shop"]}]}},"_links":{"self":[{"href":"https:\/\/kimhouse.azdigi.shop\/index.php\/wp-json\/wp\/v2\/product\/321","targetHints":{"allow":["GET"]}}],"collection":[{"href":"https:\/\/kimhouse.azdigi.shop\/index.php\/wp-json\/wp\/v2\/product"}],"about":[{"href":"https:\/\/kimhouse.azdigi.shop\/index.php\/wp-json\/wp\/v2\/types\/product"}],"wp:featuredmedia":[{"embeddable":true,"href":"https:\/\/kimhouse.azdigi.shop\/index.php\/wp-json\/wp\/v2\/media\/159"}],"wp:attachment":[{"href":"https:\/\/kimhouse.azdigi.shop\/index.php\/wp-json\/wp\/v2\/media?parent=321"}],"wp:term":[{"taxonomy":"product_brand","embeddable":true,"href":"https:\/\/kimhouse.azdigi.shop\/index.php\/wp-json\/wp\/v2\/product_brand?post=321"},{"taxonomy":"product_cat","embeddable":true,"href":"https:\/\/kimhouse.azdigi.shop\/index.php\/wp-json\/wp\/v2\/product_cat?post=321"},{"taxonomy":"product_tag","embeddable":true,"href":"https:\/\/kimhouse.azdigi.shop\/index.php\/wp-json\/wp\/v2\/product_tag?post=321"}],"curies":[{"name":"wp","href":"https:\/\/api.w.org\/{rel}","templated":true}]}}