{"id":279,"date":"2026-04-10T04:00:27","date_gmt":"2026-04-10T04:00:27","guid":{"rendered":"https:\/\/kimhouse.azdigi.shop\/?post_type=product&#038;p=279"},"modified":"2026-04-12T03:17:28","modified_gmt":"2026-04-12T03:17:28","slug":"ca-phe-sua-nong","status":"publish","type":"product","link":"https:\/\/kimhouse.azdigi.shop\/index.php\/product\/ca-phe-sua-nong\/","title":{"rendered":"C\u00e0 Ph\u00ea S\u1eefa N\u00f3ng"},"content":{"rendered":"<h2 data-path-to-node=\"3\">Th\u01b0\u1edfng th\u1ee9c c\u00e0 ph\u00ea s\u1eefa n\u00f3ng \u0111\u1eadm \u0111\u00e0 t\u1ea1i KimHouse<\/h2>\n<p data-path-to-node=\"4\">N\u1ebfu b\u1ea1n \u0111ang t\u00ecm ki\u1ebfm m\u1ed9t th\u1ee9c u\u1ed1ng \u0111\u1ec3 &#8220;s\u01b0\u1edfi \u1ea5m&#8221; t\u00e2m h\u1ed3n v\u00e0o nh\u1eefng bu\u1ed5i s\u00e1ng tinh s\u01b0\u01a1ng. <strong>C<\/strong><b data-path-to-node=\"4\" data-index-in-node=\"89\">\u00e0 ph\u00ea s\u1eefa n\u00f3ng<\/b> t\u1ea1i KimHouse ch\u00ednh l\u00e0 l\u1ef1a ch\u1ecdn ho\u00e0n h\u1ea3o. Kh\u00f4ng ch\u1ec9 \u0111\u01a1n thu\u1ea7n l\u00e0 m\u1ed9t ly \u0111\u1ed3 u\u1ed1ng, \u0111\u00e2y l\u00e0 s\u1ef1 k\u1ebft h\u1ee3p tinh t\u1ebf gi\u1eefa ngh\u1ec7 thu\u1eadt rang xay th\u1ee7 c\u00f4ng. V\u00e0 gu th\u01b0\u1edfng th\u1ee9c truy\u1ec1n th\u1ed1ng c\u1ee7a ng\u01b0\u1eddi Vi\u1ec7t.<\/p>\n<h3 data-path-to-node=\"5\">B\u00ed quy\u1ebft l\u00e0m n\u00ean h\u01b0\u01a1ng v\u1ecb c\u00e0 ph\u00ea s\u1eefa n\u00f3ng chu\u1ea9n v\u1ecb<\/h3>\n<p data-path-to-node=\"6\">T\u1ea1i <b data-path-to-node=\"6\" data-index-in-node=\"4\">KimHouse<\/b>, ch\u00fang t\u00f4i tuy\u1ec3n ch\u1ecdn nh\u1eefng h\u1ea1t c\u00e0 ph\u00ea Arabica v\u00e0 Robusta nguy\u00ean ch\u1ea5t t\u1eeb v\u00f9ng cao nguy\u00ean L\u00e2m \u0110\u1ed3ng. H\u1ea1t \u0111\u01b0\u1ee3c rang \u1edf m\u1ee9c \u0111\u1ed9 v\u1eeba ph\u1ea3i gi\u1eef tr\u1ecdn h\u01b0\u01a1ng th\u01a1m n\u1ed3ng n\u00e0n m\u00e0 kh\u00f4ng b\u1ecb ch\u00e1y kh\u00e9t.<\/p>\n<p data-path-to-node=\"7\">Khi h\u00f2a quy\u1ec7n c\u00f9ng l\u1edbp s\u1eefa \u0111\u1eb7c s\u00e1nh m\u1ecbn, ly <b data-path-to-node=\"7\" data-index-in-node=\"44\">c\u00e0 ph\u00ea s\u1eefa n\u00f3ng<\/b> t\u1ecfa ra m\u00f9i h\u01b0\u01a1ng quy\u1ebfn r\u1ee7. Vi \u0111\u1eafng thanh tho\u00e1t n\u01a1i \u0111\u1ea7u l\u01b0\u1ee1i v\u00e0 h\u1eadu v\u1ecb b\u00e9o ng\u1eady k\u00e9o d\u00e0i. \u0110\u00e2y ch\u00ednh l\u00e0 l\u00fd do khi\u1ebfn th\u1ef1c kh\u00e1ch lu\u00f4n nh\u1edb v\u1ec1 qu\u00e1n m\u1ed7i khi nh\u1eafc \u0111\u1ebfn m\u1ed9t t\u00e1ch \u0111\u1ed3 u\u1ed1ng \u1ea5m \u00e1p.<\/p>\n<h3 data-path-to-node=\"8\">T\u1ea1i sao b\u1ea1n n\u00ean ch\u1ecdn c\u00e0 ph\u00ea s\u1eefa n\u00f3ng c\u1ee7a ch\u00fang t\u00f4i?<\/h3>\n<p data-path-to-node=\"9\">Ch\u00fang t\u00f4i hi\u1ec3u r\u1eb1ng m\u1ed9t t\u00e1ch \u0111\u1ed3 u\u1ed1ng ngon kh\u00f4ng ch\u1ec9 n\u1eb1m \u1edf h\u1ea1t c\u00e0 ph\u00ea m\u00e0 c\u00f2n \u1edf t\u00e2m huy\u1ebft c\u1ee7a ng\u01b0\u1eddi pha ch\u1ebf:<\/p>\n<ul data-path-to-node=\"10\">\n<li>\n<p data-path-to-node=\"10,0,0\"><b data-path-to-node=\"10,0,0\" data-index-in-node=\"0\">Nguy\u00ean li\u1ec7u s\u1ea1ch 100%:<\/b> Cam k\u1ebft kh\u00f4ng pha tr\u1ed9n t\u1ea1p ch\u1ea5t hay h\u01b0\u01a1ng li\u1ec7u h\u00f3a h\u1ecdc.<\/p>\n<\/li>\n<li>\n<p data-path-to-node=\"10,1,0\"><b data-path-to-node=\"10,1,0\" data-index-in-node=\"0\">Nhi\u1ec7t \u0111\u1ed9 ph\u1ee5c v\u1ee5 l\u00fd t\u01b0\u1edfng:<\/b> Ly c\u00e0 ph\u00ea lu\u00f4n \u0111\u01b0\u1ee3c gi\u1eef \u1ea5m \u1edf m\u1ee9c nhi\u1ec7t chu\u1ea9n nh\u1ea5t.<\/p>\n<\/li>\n<li>\n<p data-path-to-node=\"10,2,0\"><b data-path-to-node=\"10,2,0\" data-index-in-node=\"0\">Kh\u00f4ng gian th\u01b0 gi\u00e3n:<\/b> KimHouse l\u00e0 \u0111\u1ecba \u0111i\u1ec3m l\u00fd t\u01b0\u1edfng \u0111\u1ec3 b\u1ea1n \u0111\u1ecdc s\u00e1ch v\u00e0 l\u00e0m vi\u1ec7c.<\/p>\n<\/li>\n<\/ul>\n<p data-path-to-node=\"11\">\u0110\u1ec3 hi\u1ec3u th\u00eam v\u1ec1 gi\u00e1 tr\u1ecb s\u1ee9c kh\u1ecfe, b\u1ea1n c\u00f3 th\u1ec3 tham kh\u1ea3o <i data-path-to-node=\"11\" data-index-in-node=\"111\"><a class=\"ng-star-inserted\" href=\"https:\/\/www.google.com\/search?q=https:\/\/vi.wikipedia.org\/wiki\/C%C3%A0_ph%C3%AA\" target=\"_blank\" rel=\"noopener\" data-hveid=\"0\" data-ved=\"0CAAQ_4QMahgKEwjymovG8uCTAxUAAAAAHQAAAAAQlAI\">https:\/\/vi.wikipedia.org\/wiki\/C\u00e0_ph\u00ea<\/a><\/i>). Ngo\u00e0i ra, h\u00e3y kh\u00e1m ph\u00e1 th\u00eam danh s\u00e1ch <strong>t<\/strong><b data-path-to-node=\"11\" data-index-in-node=\"188\">h\u1ef1c \u0111\u01a1n \u0111\u1ed3 u\u1ed1ng t\u1ea1i KimHouse <\/b>\u0111\u1ec3 c\u00f3 th\u00eam nhi\u1ec1u l\u1ef1a ch\u1ecdn tuy\u1ec7t v\u1eddi.<\/p>\n<h3 data-path-to-node=\"13\">Kh\u1edfi \u0110\u1ea7u Ng\u00e0y M\u1edbi Tr\u00e0n \u0110\u1ea7y N\u0103ng L\u01b0\u1ee3ng<\/h3>\n<p data-path-to-node=\"14\">M\u1ed9t t\u00e1ch c\u00e0 ph\u00ea bu\u1ed5i s\u00e1ng kh\u00f4ng ch\u1ec9 gi\u00fap b\u1ea1n t\u1ec9nh t\u00e1o m\u00e0 c\u00f2n kh\u01a1i ngu\u1ed3n c\u1ea3m h\u1ee9ng s\u00e1ng t\u1ea1o. T\u1ea1i KimHouse, m\u1ed7i \u0111\u01a1n h\u00e0ng \u0111\u1ec1u \u0111\u01b0\u1ee3c ph\u1ee5c v\u1ee5 v\u1edbi s\u1ef1 t\u1eadn t\u00e2m v\u00e0 n\u1ee5 c\u01b0\u1eddi r\u1ea1ng r\u1ee1. \u0110\u1eebng ng\u1ea7n ng\u1ea1i gh\u00e9 th\u0103m ch\u00fang t\u00f4i \u0111\u1ec3 t\u1ef1 m\u00ecnh tr\u1ea3i nghi\u1ec7m h\u01b0\u01a1ng v\u1ecb nguy\u00ean b\u1ea3n n\u00e0y.<\/p>\n","protected":false},"excerpt":{"rendered":"<p>N\u00d3NG H\u1ed4I TH\u01a0M L\u1eeaNG \u0110\u00c2Y R\u1ed2I<\/p>\n<p>CH\u1ea6N CH\u1edc G\u00cc N\u1eeeA N\u00c0O!<\/p>\n","protected":false},"featured_media":280,"template":"","meta":[],"product_brand":[],"product_cat":[40],"product_tag":[],"class_list":{"0":"post-279","1":"product","2":"type-product","3":"status-publish","4":"has-post-thumbnail","6":"product_cat-uncategorized","8":"first","9":"instock","10":"sale","11":"shipping-taxable","12":"purchasable","13":"product-type-variable"},"yoast_head":"<!-- This site is optimized with the Yoast SEO plugin v27.2 - https:\/\/yoast.com\/product\/yoast-seo-wordpress\/ -->\n<title>C\u00e0 Ph\u00ea S\u1eefa N\u00f3ng - KIM HOUSE<\/title>\n<meta name=\"robots\" content=\"index, follow, max-snippet:-1, max-image-preview:large, max-video-preview:-1\" \/>\n<link rel=\"canonical\" href=\"https:\/\/kimhouse.azdigi.shop\/index.php\/product\/ca-phe-sua-nong\/\" \/>\n<meta property=\"og:locale\" content=\"en_US\" \/>\n<meta property=\"og:type\" content=\"article\" \/>\n<meta property=\"og:title\" content=\"C\u00e0 Ph\u00ea S\u1eefa N\u00f3ng - KIM HOUSE\" \/>\n<meta property=\"og:description\" content=\"N\u00d3NG H\u1ed4I TH\u01a0M L\u1eeaNG \u0110\u00c2Y R\u1ed2I  CH\u1ea6N CH\u1edc G\u00cc N\u1eeeA N\u00c0O!\" \/>\n<meta property=\"og:url\" content=\"https:\/\/kimhouse.azdigi.shop\/index.php\/product\/ca-phe-sua-nong\/\" \/>\n<meta property=\"og:site_name\" content=\"KIM HOUSE\" \/>\n<meta property=\"article:modified_time\" content=\"2026-04-12T03:17:28+00:00\" \/>\n<meta property=\"og:image\" content=\"https:\/\/kimhouse.azdigi.shop\/wp-content\/uploads\/2026\/04\/sua-non-.jpg\" \/>\n\t<meta property=\"og:image:width\" content=\"1024\" \/>\n\t<meta property=\"og:image:height\" content=\"1024\" \/>\n\t<meta property=\"og:image:type\" content=\"image\/jpeg\" \/>\n<meta name=\"twitter:card\" content=\"summary_large_image\" \/>\n<meta name=\"twitter:label1\" content=\"Est. reading time\" \/>\n\t<meta name=\"twitter:data1\" content=\"2 minutes\" \/>\n<script type=\"application\/ld+json\" class=\"yoast-schema-graph\">{\"@context\":\"https:\/\/schema.org\",\"@graph\":[{\"@type\":\"WebPage\",\"@id\":\"https:\/\/kimhouse.azdigi.shop\/index.php\/product\/ca-phe-sua-nong\/\",\"url\":\"https:\/\/kimhouse.azdigi.shop\/index.php\/product\/ca-phe-sua-nong\/\",\"name\":\"C\u00e0 Ph\u00ea S\u1eefa N\u00f3ng - KIM HOUSE\",\"isPartOf\":{\"@id\":\"https:\/\/kimhouse.azdigi.shop\/#website\"},\"primaryImageOfPage\":{\"@id\":\"https:\/\/kimhouse.azdigi.shop\/index.php\/product\/ca-phe-sua-nong\/#primaryimage\"},\"image\":{\"@id\":\"https:\/\/kimhouse.azdigi.shop\/index.php\/product\/ca-phe-sua-nong\/#primaryimage\"},\"thumbnailUrl\":\"https:\/\/kimhouse.azdigi.shop\/wp-content\/uploads\/2026\/04\/sua-non-.jpg\",\"datePublished\":\"2026-04-10T04:00:27+00:00\",\"dateModified\":\"2026-04-12T03:17:28+00:00\",\"breadcrumb\":{\"@id\":\"https:\/\/kimhouse.azdigi.shop\/index.php\/product\/ca-phe-sua-nong\/#breadcrumb\"},\"inLanguage\":\"en-US\",\"potentialAction\":[{\"@type\":\"ReadAction\",\"target\":[\"https:\/\/kimhouse.azdigi.shop\/index.php\/product\/ca-phe-sua-nong\/\"]}]},{\"@type\":\"ImageObject\",\"inLanguage\":\"en-US\",\"@id\":\"https:\/\/kimhouse.azdigi.shop\/index.php\/product\/ca-phe-sua-nong\/#primaryimage\",\"url\":\"https:\/\/kimhouse.azdigi.shop\/wp-content\/uploads\/2026\/04\/sua-non-.jpg\",\"contentUrl\":\"https:\/\/kimhouse.azdigi.shop\/wp-content\/uploads\/2026\/04\/sua-non-.jpg\",\"width\":1024,\"height\":1024},{\"@type\":\"BreadcrumbList\",\"@id\":\"https:\/\/kimhouse.azdigi.shop\/index.php\/product\/ca-phe-sua-nong\/#breadcrumb\",\"itemListElement\":[{\"@type\":\"ListItem\",\"position\":1,\"name\":\"Home\",\"item\":\"https:\/\/kimhouse.azdigi.shop\/\"},{\"@type\":\"ListItem\",\"position\":2,\"name\":\"Shop\",\"item\":\"https:\/\/kimhouse.azdigi.shop\/index.php\/shop\/\"},{\"@type\":\"ListItem\",\"position\":3,\"name\":\"C\u00e0 Ph\u00ea S\u1eefa N\u00f3ng\"}]},{\"@type\":\"WebSite\",\"@id\":\"https:\/\/kimhouse.azdigi.shop\/#website\",\"url\":\"https:\/\/kimhouse.azdigi.shop\/\",\"name\":\"KIM HOUSE\",\"description\":\"G\u00f3i tr\u1ecdn tinh tu\u00fd - G\u00f3i tr\u1ecdn y\u00eau th\u01b0\u01a1ng \",\"publisher\":{\"@id\":\"https:\/\/kimhouse.azdigi.shop\/#\/schema\/person\/e006cb0befa6ce1803c1227789a850f4\"},\"potentialAction\":[{\"@type\":\"SearchAction\",\"target\":{\"@type\":\"EntryPoint\",\"urlTemplate\":\"https:\/\/kimhouse.azdigi.shop\/?s={search_term_string}\"},\"query-input\":{\"@type\":\"PropertyValueSpecification\",\"valueRequired\":true,\"valueName\":\"search_term_string\"}}],\"inLanguage\":\"en-US\"},{\"@type\":[\"Person\",\"Organization\"],\"@id\":\"https:\/\/kimhouse.azdigi.shop\/#\/schema\/person\/e006cb0befa6ce1803c1227789a850f4\",\"name\":\"thaithikimthao\",\"image\":{\"@type\":\"ImageObject\",\"inLanguage\":\"en-US\",\"@id\":\"https:\/\/kimhouse.azdigi.shop\/wp-content\/uploads\/2026\/03\/LO-GO.png\",\"url\":\"https:\/\/kimhouse.azdigi.shop\/wp-content\/uploads\/2026\/03\/LO-GO.png\",\"contentUrl\":\"https:\/\/kimhouse.azdigi.shop\/wp-content\/uploads\/2026\/03\/LO-GO.png\",\"width\":2000,\"height\":2000,\"caption\":\"thaithikimthao\"},\"logo\":{\"@id\":\"https:\/\/kimhouse.azdigi.shop\/wp-content\/uploads\/2026\/03\/LO-GO.png\"},\"sameAs\":[\"https:\/\/kimhouse.azdigi.shop\"]}]}<\/script>\n<!-- \/ Yoast SEO plugin. -->","yoast_head_json":{"title":"C\u00e0 Ph\u00ea S\u1eefa N\u00f3ng - KIM HOUSE","robots":{"index":"index","follow":"follow","max-snippet":"max-snippet:-1","max-image-preview":"max-image-preview:large","max-video-preview":"max-video-preview:-1"},"canonical":"https:\/\/kimhouse.azdigi.shop\/index.php\/product\/ca-phe-sua-nong\/","og_locale":"en_US","og_type":"article","og_title":"C\u00e0 Ph\u00ea S\u1eefa N\u00f3ng - KIM HOUSE","og_description":"N\u00d3NG H\u1ed4I TH\u01a0M L\u1eeaNG \u0110\u00c2Y R\u1ed2I  CH\u1ea6N CH\u1edc G\u00cc N\u1eeeA N\u00c0O!","og_url":"https:\/\/kimhouse.azdigi.shop\/index.php\/product\/ca-phe-sua-nong\/","og_site_name":"KIM HOUSE","article_modified_time":"2026-04-12T03:17:28+00:00","og_image":[{"width":1024,"height":1024,"url":"https:\/\/kimhouse.azdigi.shop\/wp-content\/uploads\/2026\/04\/sua-non-.jpg","type":"image\/jpeg"}],"twitter_card":"summary_large_image","twitter_misc":{"Est. reading time":"2 minutes"},"schema":{"@context":"https:\/\/schema.org","@graph":[{"@type":"WebPage","@id":"https:\/\/kimhouse.azdigi.shop\/index.php\/product\/ca-phe-sua-nong\/","url":"https:\/\/kimhouse.azdigi.shop\/index.php\/product\/ca-phe-sua-nong\/","name":"C\u00e0 Ph\u00ea S\u1eefa N\u00f3ng - KIM HOUSE","isPartOf":{"@id":"https:\/\/kimhouse.azdigi.shop\/#website"},"primaryImageOfPage":{"@id":"https:\/\/kimhouse.azdigi.shop\/index.php\/product\/ca-phe-sua-nong\/#primaryimage"},"image":{"@id":"https:\/\/kimhouse.azdigi.shop\/index.php\/product\/ca-phe-sua-nong\/#primaryimage"},"thumbnailUrl":"https:\/\/kimhouse.azdigi.shop\/wp-content\/uploads\/2026\/04\/sua-non-.jpg","datePublished":"2026-04-10T04:00:27+00:00","dateModified":"2026-04-12T03:17:28+00:00","breadcrumb":{"@id":"https:\/\/kimhouse.azdigi.shop\/index.php\/product\/ca-phe-sua-nong\/#breadcrumb"},"inLanguage":"en-US","potentialAction":[{"@type":"ReadAction","target":["https:\/\/kimhouse.azdigi.shop\/index.php\/product\/ca-phe-sua-nong\/"]}]},{"@type":"ImageObject","inLanguage":"en-US","@id":"https:\/\/kimhouse.azdigi.shop\/index.php\/product\/ca-phe-sua-nong\/#primaryimage","url":"https:\/\/kimhouse.azdigi.shop\/wp-content\/uploads\/2026\/04\/sua-non-.jpg","contentUrl":"https:\/\/kimhouse.azdigi.shop\/wp-content\/uploads\/2026\/04\/sua-non-.jpg","width":1024,"height":1024},{"@type":"BreadcrumbList","@id":"https:\/\/kimhouse.azdigi.shop\/index.php\/product\/ca-phe-sua-nong\/#breadcrumb","itemListElement":[{"@type":"ListItem","position":1,"name":"Home","item":"https:\/\/kimhouse.azdigi.shop\/"},{"@type":"ListItem","position":2,"name":"Shop","item":"https:\/\/kimhouse.azdigi.shop\/index.php\/shop\/"},{"@type":"ListItem","position":3,"name":"C\u00e0 Ph\u00ea S\u1eefa N\u00f3ng"}]},{"@type":"WebSite","@id":"https:\/\/kimhouse.azdigi.shop\/#website","url":"https:\/\/kimhouse.azdigi.shop\/","name":"KIM HOUSE","description":"G\u00f3i tr\u1ecdn tinh tu\u00fd - G\u00f3i tr\u1ecdn y\u00eau th\u01b0\u01a1ng ","publisher":{"@id":"https:\/\/kimhouse.azdigi.shop\/#\/schema\/person\/e006cb0befa6ce1803c1227789a850f4"},"potentialAction":[{"@type":"SearchAction","target":{"@type":"EntryPoint","urlTemplate":"https:\/\/kimhouse.azdigi.shop\/?s={search_term_string}"},"query-input":{"@type":"PropertyValueSpecification","valueRequired":true,"valueName":"search_term_string"}}],"inLanguage":"en-US"},{"@type":["Person","Organization"],"@id":"https:\/\/kimhouse.azdigi.shop\/#\/schema\/person\/e006cb0befa6ce1803c1227789a850f4","name":"thaithikimthao","image":{"@type":"ImageObject","inLanguage":"en-US","@id":"https:\/\/kimhouse.azdigi.shop\/wp-content\/uploads\/2026\/03\/LO-GO.png","url":"https:\/\/kimhouse.azdigi.shop\/wp-content\/uploads\/2026\/03\/LO-GO.png","contentUrl":"https:\/\/kimhouse.azdigi.shop\/wp-content\/uploads\/2026\/03\/LO-GO.png","width":2000,"height":2000,"caption":"thaithikimthao"},"logo":{"@id":"https:\/\/kimhouse.azdigi.shop\/wp-content\/uploads\/2026\/03\/LO-GO.png"},"sameAs":["https:\/\/kimhouse.azdigi.shop"]}]}},"_links":{"self":[{"href":"https:\/\/kimhouse.azdigi.shop\/index.php\/wp-json\/wp\/v2\/product\/279","targetHints":{"allow":["GET"]}}],"collection":[{"href":"https:\/\/kimhouse.azdigi.shop\/index.php\/wp-json\/wp\/v2\/product"}],"about":[{"href":"https:\/\/kimhouse.azdigi.shop\/index.php\/wp-json\/wp\/v2\/types\/product"}],"wp:featuredmedia":[{"embeddable":true,"href":"https:\/\/kimhouse.azdigi.shop\/index.php\/wp-json\/wp\/v2\/media\/280"}],"wp:attachment":[{"href":"https:\/\/kimhouse.azdigi.shop\/index.php\/wp-json\/wp\/v2\/media?parent=279"}],"wp:term":[{"taxonomy":"product_brand","embeddable":true,"href":"https:\/\/kimhouse.azdigi.shop\/index.php\/wp-json\/wp\/v2\/product_brand?post=279"},{"taxonomy":"product_cat","embeddable":true,"href":"https:\/\/kimhouse.azdigi.shop\/index.php\/wp-json\/wp\/v2\/product_cat?post=279"},{"taxonomy":"product_tag","embeddable":true,"href":"https:\/\/kimhouse.azdigi.shop\/index.php\/wp-json\/wp\/v2\/product_tag?post=279"}],"curies":[{"name":"wp","href":"https:\/\/api.w.org\/{rel}","templated":true}]}}