{"id":483,"date":"2026-04-11T08:39:01","date_gmt":"2026-04-11T08:39:01","guid":{"rendered":"https:\/\/kimhouse.azdigi.shop\/?page_id=483"},"modified":"2026-04-11T08:39:01","modified_gmt":"2026-04-11T08:39:01","slug":"thong-tin-van-chuyen","status":"publish","type":"page","link":"https:\/\/kimhouse.azdigi.shop\/index.php\/thong-tin-van-chuyen\/","title":{"rendered":"Th\u00f4ng tin v\u1eadn chuy\u1ec3n"},"content":{"rendered":"<hr class=\"\" data-path-to-node=\"1\" \/>\n<h1 class=\"\" data-path-to-node=\"2\">Th\u00f4ng Tin V\u1eadn Chuy\u1ec3n V\u00e0 Ch\u00ednh S\u00e1ch Giao H\u00e0ng T\u1ea1i Kimhouse<\/h1>\n<p data-path-to-node=\"3\"><span class=\"\">B\u1ea1n \u0111ang th\u00e8m m\u1ed9t ly c\u00e0 ph\u00ea mu\u1ed1i \u0111\u1eadm \u0111\u00e0 hay \u0111\u0129a \u0111\u1ed3 \u0103n v\u1eb7t n\u00f3ng h\u1ed5i nh\u01b0ng kh\u00f4ng c\u00f3 th\u1eddi gian gh\u00e9 qu\u00e1n?<\/span><span class=\"\"> \u0110\u1eebng lo,<\/span><span class=\"\">d\u1ecbch v\u1ee5 <\/span><b class=\"\" data-path-to-node=\"3\" data-index-in-node=\"119\">giao h\u00e0ng t\u1eadn n\u01a1i c\u1ee7a Kimhouse<\/b><span class=\"\"> lu\u00f4n s\u1eb5n s\u00e0ng ph\u1ee5c v\u1ee5 b\u1ea1n.<\/span><\/p>\n<p data-path-to-node=\"4\"><span class=\"\">\u0110\u1ec3 \u0111\u1ea3m b\u1ea3o \u0111\u1ed3 u\u1ed1ng lu\u00f4n gi\u1eef \u0111\u01b0\u1ee3c h\u01b0\u01a1ng v\u1ecb t\u01b0\u01a1i ngon nh\u1ea5t khi \u0111\u1ebfn tay,<\/span><span class=\"\"> qu\u00fd kh\u00e1ch vui l\u00f2ng tham kh\u1ea3o c\u00e1c th\u00f4ng tin v\u00e0 quy \u0111\u1ecbnh v\u1eadn chuy\u1ec3n d\u01b0\u1edbi \u0111\u00e2y.<\/span><\/p>\n<h2 class=\"\" data-path-to-node=\"6\">1. Ph\u1ea1m vi giao h\u00e0ng c\u1ee7a Kimhouse<\/h2>\n<p data-path-to-node=\"7\"><span class=\"\">Hi\u1ec7n t\u1ea1i,<\/span><span class=\"\"> Kimhouse Coffee &amp; Tea nh\u1eadn giao h\u00e0ng t\u1eadn n\u01a1i trong khu v\u1ef1c n\u1ed9i th\u00e0nh:<\/span><\/p>\n<ul data-path-to-node=\"8\">\n<li>\n<p data-path-to-node=\"8,0,0\"><b class=\"\" data-path-to-node=\"8,0,0\" data-index-in-node=\"0\">Khu v\u1ef1c \u01b0u ti\u00ean:<\/b><span class=\"\"> B\u00e1n k\u00ednh 5km quanh c\u1eeda h\u00e0ng\u00a0<\/span><\/p>\n<\/li>\n<li>\n<p data-path-to-node=\"8,1,0\"><b class=\"\" data-path-to-node=\"8,1,0\" data-index-in-node=\"0\">Khu v\u1ef1c kh\u00e1c:<\/b><span class=\"\"> C\u00e1c qu\u1eadn n\u1ed9i th\u00e0nh TP.<\/span><span class=\"\">HCM (Qu\u1eadn 1,<\/span><span class=\"\"> Qu\u1eadn 3,<\/span><span class=\"\"> B\u00ecnh Th\u1ea1nh&#8230;<\/span><span class=\"\">).<\/span><\/p>\n<\/li>\n<li>\n<p data-path-to-node=\"8,2,0\"><b class=\"\" data-path-to-node=\"8,2,0\" data-index-in-node=\"0\">L\u01b0u \u00fd:<\/b><span class=\"\"> V\u1edbi nh\u1eefng \u0111\u1ecba \u0111i\u1ec3m qu\u00e1 xa (tr\u00ean 10km),<\/span><span class=\"\"> Kimhouse khuy\u1ebfn kh\u00edch qu\u00fd kh\u00e1ch \u0111\u1eb7t qua c\u00e1c \u1ee9ng d\u1ee5ng nh\u01b0 GrabFood ho\u1eb7c ShopeeFood \u0111\u1ec3 \u0111\u1ea3m b\u1ea3o t\u1ed1c \u0111\u1ed9 giao h\u00e0ng t\u1ed1t nh\u1ea5t.<\/span><\/p>\n<\/li>\n<\/ul>\n<h2 class=\"\" data-path-to-node=\"9\">2. Th\u1eddi gian giao h\u00e0ng d\u1ef1 ki\u1ebfn<\/h2>\n<p data-path-to-node=\"10\"><span class=\"\">Ch\u00fang m\u00ecnh lu\u00f4n c\u1ed1 g\u1eafng \u0111\u1ec3 b\u1ea1n kh\u00f4ng ph\u1ea3i ch\u1edd \u0111\u1ee3i l\u00e2u:<\/span><\/p>\n<ul data-path-to-node=\"11\">\n<li>\n<p data-path-to-node=\"11,0,0\"><b class=\"\" data-path-to-node=\"11,0,0\" data-index-in-node=\"0\">Th\u1eddi gian chu\u1ea9n b\u1ecb m\u00f3n:<\/b><span class=\"\"> 5 &#8211; 10 ph\u00fat k\u1ec3 t\u1eeb khi x\u00e1c nh\u1eadn \u0111\u01a1n h\u00e0ng.<\/span><\/p>\n<\/li>\n<li>\n<p data-path-to-node=\"11,1,0\"><b class=\"\" data-path-to-node=\"11,1,0\" data-index-in-node=\"0\">Th\u1eddi gian v\u1eadn chuy\u1ec3n:<\/b><span class=\"\"> * N\u1ed9i khu (d\u01b0\u1edbi 3km):<\/span><span class=\"\"> 15 &#8211; 20 ph\u00fat.<\/span><\/p>\n<ul data-path-to-node=\"11,1,1\">\n<li>\n<p data-path-to-node=\"11,1,1,0,0\"><span class=\"\">Ngo\u1ea1i khu (3km &#8211; 7km):<\/span><span class=\"\"> 30 &#8211; 45 ph\u00fat.<\/span><\/p>\n<\/li>\n<\/ul>\n<\/li>\n<li>\n<p data-path-to-node=\"11,2,0\"><b class=\"\" data-path-to-node=\"11,2,0\" data-index-in-node=\"0\">Th\u1eddi gian ho\u1ea1t \u0111\u1ed9ng:<\/b><span class=\"\"> T\u1eeb 08:00 &#8211; 23:00<\/span><span class=\"\">\u00a0h\u00e0ng ng\u00e0y.<\/span><\/p>\n<\/li>\n<\/ul>\n<h2 class=\"\" data-path-to-node=\"12\">3. Bi\u1ec3u ph\u00ed v\u1eadn chuy\u1ec3n (Ship)<\/h2>\n<p data-path-to-node=\"13\"><span class=\"\">Kimhouse \u00e1p d\u1ee5ng m\u1ee9c ph\u00ed linh ho\u1ea1t \u0111\u1ec3 h\u1ed7 tr\u1ee3 kh\u00e1ch h\u00e0ng:<\/span><\/p>\n<ul data-path-to-node=\"14\">\n<li>\n<p data-path-to-node=\"14,0,0\"><b class=\"\" data-path-to-node=\"14,0,0\" data-index-in-node=\"0\">Mi\u1ec5n ph\u00ed v\u1eadn chuy\u1ec3n (Free Ship):<\/b><span class=\"\"> Cho \u0111\u01a1n h\u00e0ng t\u1eeb 100.<\/span><span class=\"\">000 VN\u0110\u00a0<\/span><\/p>\n<\/li>\n<li>\n<p data-path-to-node=\"14,1,0\"><b class=\"\" data-path-to-node=\"14,1,0\" data-index-in-node=\"0\">\u0110\u01a1n h\u00e0ng th\u00f4ng th\u01b0\u1eddng:<\/b><span class=\"\"> Ph\u00ed ship dao \u0111\u1ed9ng 30<\/span><span class=\"\">.<\/span><span class=\"\">000 VN\u0110 t\u00f9y v\u00e0o kho\u1ea3ng c\u00e1ch th\u1ef1c t\u1ebf (theo \u0111\u01a1n gi\u00e1 c\u1ee7a \u0111\u01a1n v\u1ecb v\u1eadn chuy\u1ec3n ho\u1eb7c nh\u00e2n vi\u00ean qu\u00e1n).<\/span><\/p>\n<\/li>\n<\/ul>\n<h2 class=\"\" data-path-to-node=\"15\">4. C\u00e1ch th\u1ee9c \u0111\u1eb7t h\u00e0ng nhanh nh\u1ea5t<\/h2>\n<p data-path-to-node=\"16\"><span class=\"\">Qu\u00fd kh\u00e1ch c\u00f3 th\u1ec3 \u0111\u1eb7t m\u00f3n qua c\u00e1c k\u00eanh ch\u00ednh th\u1ee9c sau \u0111\u1ec3 \u0111\u01b0\u1ee3c x\u1eed l\u00fd \u0111\u01a1n h\u00e0ng ngay l\u1eadp t\u1ee9c:<\/span><\/p>\n<ol start=\"1\" data-path-to-node=\"17\">\n<li>\n<p data-path-to-node=\"17,0,0\"><b class=\"\" data-path-to-node=\"17,0,0\" data-index-in-node=\"0\">Hotline\/Zalo:<\/b><span class=\"\"> 0376643109 (\u0110\u1eb7t tr\u1ef1c ti\u1ebfp \u0111\u1ec3 nh\u1eadn \u01b0u \u0111\u00e3i h\u1ed9i vi\u00ean).<\/span><\/p>\n<\/li>\n<li>\n<p data-path-to-node=\"17,1,0\"><b class=\"\" data-path-to-node=\"17,1,0\" data-index-in-node=\"0\">Fanpage:<\/b><span class=\"\"> Nh\u1eafn tin tr\u1ef1c ti\u1ebfp cho Kimhouse Coffee &amp; Tea.<\/span><\/p>\n<\/li>\n<li>\n<p data-path-to-node=\"17,2,0\"><b class=\"\" data-path-to-node=\"17,2,0\" data-index-in-node=\"0\">App giao h\u00e0ng:<\/b><span class=\"\"> T\u00ecm ki\u1ebfm &#8220;Kimhouse&#8221; tr\u00ean ShopeeFood,<\/span><span class=\"\"> GrabFood.<\/span><\/p>\n<\/li>\n<\/ol>\n<h2 class=\"\" data-path-to-node=\"18\">5. Tr\u00e1ch nhi\u1ec7m c\u1ee7a Kimhouse v\u00e0 Kh\u00e1ch h\u00e0ng<\/h2>\n<ul data-path-to-node=\"19\">\n<li>\n<p data-path-to-node=\"19,0,0\"><b class=\"\" data-path-to-node=\"19,0,0\" data-index-in-node=\"0\">V\u1ec1 ph\u00eda Kimhouse:<\/b><span class=\"\"> \u0110\u1ea3m b\u1ea3o \u0111\u1ed3 u\u1ed1ng \u0111\u01b0\u1ee3c \u0111\u00f3ng g\u00f3i k\u1ef9 l\u01b0\u1ee1ng,<\/span><span class=\"\"> c\u00f3 \u0111\u1ea7y \u0111\u1ee7 \u0111\u00e1 ri\u00eang (n\u1ebfu y\u00eau c\u1ea7u) v\u00e0 \u0111\u00fang m\u1eabu m\u00e3 kh\u00e1ch \u0111\u1eb7t.<\/span><\/p>\n<\/li>\n<li>\n<p data-path-to-node=\"19,1,0\"><b class=\"\" data-path-to-node=\"19,1,0\" data-index-in-node=\"0\">V\u1ec1 ph\u00eda Kh\u00e1ch h\u00e0ng:<\/b><span class=\"\"> Vui l\u00f2ng cung c\u1ea5p ch\u00ednh x\u00e1c \u0111\u1ecba ch\u1ec9 v\u00e0 s\u1ed1 \u0111i\u1ec7n tho\u1ea1i li\u00ean l\u1ea1c.<\/span><span class=\"\"> Qu\u00fd kh\u00e1ch vui l\u00f2ng ki\u1ec3m tra m\u00f3n ngay khi nh\u1eadn h\u00e0ng t\u1eeb shipper.<\/span><\/p>\n<\/li>\n<\/ul>\n","protected":false},"excerpt":{"rendered":"<p>Th\u00f4ng Tin V\u1eadn Chuy\u1ec3n V\u00e0 Ch\u00ednh S\u00e1ch Giao H\u00e0ng T\u1ea1i Kimhouse B\u1ea1n \u0111ang th\u00e8m m\u1ed9t ly c\u00e0 ph\u00ea mu\u1ed1i \u0111\u1eadm \u0111\u00e0 hay \u0111\u0129a \u0111\u1ed3 \u0103n v\u1eb7t n\u00f3ng h\u1ed5i nh\u01b0ng kh\u00f4ng c\u00f3 th\u1eddi gian gh\u00e9 qu\u00e1n? \u0110\u1eebng lo,d\u1ecbch v\u1ee5 giao h\u00e0ng t\u1eadn n\u01a1i c\u1ee7a Kimhouse lu\u00f4n s\u1eb5n s\u00e0ng ph\u1ee5c v\u1ee5 b\u1ea1n. \u0110\u1ec3 \u0111\u1ea3m b\u1ea3o \u0111\u1ed3 u\u1ed1ng [&#8230;]\n","protected":false},"author":1,"featured_media":0,"parent":0,"menu_order":0,"comment_status":"closed","ping_status":"closed","template":"","meta":{"footnotes":""},"class_list":["post-483","page","type-page","status-publish","hentry"],"yoast_head":"<!-- This site is optimized with the Yoast SEO plugin v27.2 - https:\/\/yoast.com\/product\/yoast-seo-wordpress\/ -->\n<title>Th\u00f4ng tin v\u1eadn chuy\u1ec3n - KIM HOUSE<\/title>\n<meta name=\"robots\" content=\"index, follow, max-snippet:-1, max-image-preview:large, max-video-preview:-1\" \/>\n<link rel=\"canonical\" href=\"https:\/\/kimhouse.azdigi.shop\/index.php\/thong-tin-van-chuyen\/\" \/>\n<meta property=\"og:locale\" content=\"en_US\" \/>\n<meta property=\"og:type\" content=\"article\" \/>\n<meta property=\"og:title\" content=\"Th\u00f4ng tin v\u1eadn chuy\u1ec3n - KIM HOUSE\" \/>\n<meta property=\"og:description\" content=\"Th\u00f4ng Tin V\u1eadn Chuy\u1ec3n V\u00e0 Ch\u00ednh S\u00e1ch Giao H\u00e0ng T\u1ea1i Kimhouse B\u1ea1n \u0111ang th\u00e8m m\u1ed9t ly c\u00e0 ph\u00ea mu\u1ed1i \u0111\u1eadm \u0111\u00e0 hay \u0111\u0129a \u0111\u1ed3 \u0103n v\u1eb7t n\u00f3ng h\u1ed5i nh\u01b0ng kh\u00f4ng c\u00f3 th\u1eddi gian gh\u00e9 qu\u00e1n? \u0110\u1eebng lo,d\u1ecbch v\u1ee5 giao h\u00e0ng t\u1eadn n\u01a1i c\u1ee7a Kimhouse lu\u00f4n s\u1eb5n s\u00e0ng ph\u1ee5c v\u1ee5 b\u1ea1n. \u0110\u1ec3 \u0111\u1ea3m b\u1ea3o \u0111\u1ed3 u\u1ed1ng [...]\" \/>\n<meta property=\"og:url\" content=\"https:\/\/kimhouse.azdigi.shop\/index.php\/thong-tin-van-chuyen\/\" \/>\n<meta property=\"og:site_name\" content=\"KIM HOUSE\" \/>\n<meta name=\"twitter:card\" content=\"summary_large_image\" \/>\n<meta name=\"twitter:label1\" content=\"Est. reading time\" \/>\n\t<meta name=\"twitter:data1\" content=\"2 minutes\" \/>\n<script type=\"application\/ld+json\" class=\"yoast-schema-graph\">{\"@context\":\"https:\/\/schema.org\",\"@graph\":[{\"@type\":\"WebPage\",\"@id\":\"https:\/\/kimhouse.azdigi.shop\/index.php\/thong-tin-van-chuyen\/\",\"url\":\"https:\/\/kimhouse.azdigi.shop\/index.php\/thong-tin-van-chuyen\/\",\"name\":\"Th\u00f4ng tin v\u1eadn chuy\u1ec3n - KIM HOUSE\",\"isPartOf\":{\"@id\":\"https:\/\/kimhouse.azdigi.shop\/#website\"},\"datePublished\":\"2026-04-11T08:39:01+00:00\",\"breadcrumb\":{\"@id\":\"https:\/\/kimhouse.azdigi.shop\/index.php\/thong-tin-van-chuyen\/#breadcrumb\"},\"inLanguage\":\"en-US\",\"potentialAction\":[{\"@type\":\"ReadAction\",\"target\":[\"https:\/\/kimhouse.azdigi.shop\/index.php\/thong-tin-van-chuyen\/\"]}]},{\"@type\":\"BreadcrumbList\",\"@id\":\"https:\/\/kimhouse.azdigi.shop\/index.php\/thong-tin-van-chuyen\/#breadcrumb\",\"itemListElement\":[{\"@type\":\"ListItem\",\"position\":1,\"name\":\"Home\",\"item\":\"https:\/\/kimhouse.azdigi.shop\/\"},{\"@type\":\"ListItem\",\"position\":2,\"name\":\"Th\u00f4ng tin v\u1eadn chuy\u1ec3n\"}]},{\"@type\":\"WebSite\",\"@id\":\"https:\/\/kimhouse.azdigi.shop\/#website\",\"url\":\"https:\/\/kimhouse.azdigi.shop\/\",\"name\":\"KIM HOUSE\",\"description\":\"G\u00f3i tr\u1ecdn tinh tu\u00fd - G\u00f3i tr\u1ecdn y\u00eau th\u01b0\u01a1ng \",\"publisher\":{\"@id\":\"https:\/\/kimhouse.azdigi.shop\/#\/schema\/person\/e006cb0befa6ce1803c1227789a850f4\"},\"potentialAction\":[{\"@type\":\"SearchAction\",\"target\":{\"@type\":\"EntryPoint\",\"urlTemplate\":\"https:\/\/kimhouse.azdigi.shop\/?s={search_term_string}\"},\"query-input\":{\"@type\":\"PropertyValueSpecification\",\"valueRequired\":true,\"valueName\":\"search_term_string\"}}],\"inLanguage\":\"en-US\"},{\"@type\":[\"Person\",\"Organization\"],\"@id\":\"https:\/\/kimhouse.azdigi.shop\/#\/schema\/person\/e006cb0befa6ce1803c1227789a850f4\",\"name\":\"thaithikimthao\",\"image\":{\"@type\":\"ImageObject\",\"inLanguage\":\"en-US\",\"@id\":\"https:\/\/kimhouse.azdigi.shop\/wp-content\/uploads\/2026\/03\/LO-GO.png\",\"url\":\"https:\/\/kimhouse.azdigi.shop\/wp-content\/uploads\/2026\/03\/LO-GO.png\",\"contentUrl\":\"https:\/\/kimhouse.azdigi.shop\/wp-content\/uploads\/2026\/03\/LO-GO.png\",\"width\":2000,\"height\":2000,\"caption\":\"thaithikimthao\"},\"logo\":{\"@id\":\"https:\/\/kimhouse.azdigi.shop\/wp-content\/uploads\/2026\/03\/LO-GO.png\"},\"sameAs\":[\"https:\/\/kimhouse.azdigi.shop\"]}]}<\/script>\n<!-- \/ Yoast SEO plugin. -->","yoast_head_json":{"title":"Th\u00f4ng tin v\u1eadn chuy\u1ec3n - KIM HOUSE","robots":{"index":"index","follow":"follow","max-snippet":"max-snippet:-1","max-image-preview":"max-image-preview:large","max-video-preview":"max-video-preview:-1"},"canonical":"https:\/\/kimhouse.azdigi.shop\/index.php\/thong-tin-van-chuyen\/","og_locale":"en_US","og_type":"article","og_title":"Th\u00f4ng tin v\u1eadn chuy\u1ec3n - KIM HOUSE","og_description":"Th\u00f4ng Tin V\u1eadn Chuy\u1ec3n V\u00e0 Ch\u00ednh S\u00e1ch Giao H\u00e0ng T\u1ea1i Kimhouse B\u1ea1n \u0111ang th\u00e8m m\u1ed9t ly c\u00e0 ph\u00ea mu\u1ed1i \u0111\u1eadm \u0111\u00e0 hay \u0111\u0129a \u0111\u1ed3 \u0103n v\u1eb7t n\u00f3ng h\u1ed5i nh\u01b0ng kh\u00f4ng c\u00f3 th\u1eddi gian gh\u00e9 qu\u00e1n? \u0110\u1eebng lo,d\u1ecbch v\u1ee5 giao h\u00e0ng t\u1eadn n\u01a1i c\u1ee7a Kimhouse lu\u00f4n s\u1eb5n s\u00e0ng ph\u1ee5c v\u1ee5 b\u1ea1n. \u0110\u1ec3 \u0111\u1ea3m b\u1ea3o \u0111\u1ed3 u\u1ed1ng [...]","og_url":"https:\/\/kimhouse.azdigi.shop\/index.php\/thong-tin-van-chuyen\/","og_site_name":"KIM HOUSE","twitter_card":"summary_large_image","twitter_misc":{"Est. reading time":"2 minutes"},"schema":{"@context":"https:\/\/schema.org","@graph":[{"@type":"WebPage","@id":"https:\/\/kimhouse.azdigi.shop\/index.php\/thong-tin-van-chuyen\/","url":"https:\/\/kimhouse.azdigi.shop\/index.php\/thong-tin-van-chuyen\/","name":"Th\u00f4ng tin v\u1eadn chuy\u1ec3n - KIM HOUSE","isPartOf":{"@id":"https:\/\/kimhouse.azdigi.shop\/#website"},"datePublished":"2026-04-11T08:39:01+00:00","breadcrumb":{"@id":"https:\/\/kimhouse.azdigi.shop\/index.php\/thong-tin-van-chuyen\/#breadcrumb"},"inLanguage":"en-US","potentialAction":[{"@type":"ReadAction","target":["https:\/\/kimhouse.azdigi.shop\/index.php\/thong-tin-van-chuyen\/"]}]},{"@type":"BreadcrumbList","@id":"https:\/\/kimhouse.azdigi.shop\/index.php\/thong-tin-van-chuyen\/#breadcrumb","itemListElement":[{"@type":"ListItem","position":1,"name":"Home","item":"https:\/\/kimhouse.azdigi.shop\/"},{"@type":"ListItem","position":2,"name":"Th\u00f4ng tin v\u1eadn chuy\u1ec3n"}]},{"@type":"WebSite","@id":"https:\/\/kimhouse.azdigi.shop\/#website","url":"https:\/\/kimhouse.azdigi.shop\/","name":"KIM HOUSE","description":"G\u00f3i tr\u1ecdn tinh tu\u00fd - G\u00f3i tr\u1ecdn y\u00eau th\u01b0\u01a1ng ","publisher":{"@id":"https:\/\/kimhouse.azdigi.shop\/#\/schema\/person\/e006cb0befa6ce1803c1227789a850f4"},"potentialAction":[{"@type":"SearchAction","target":{"@type":"EntryPoint","urlTemplate":"https:\/\/kimhouse.azdigi.shop\/?s={search_term_string}"},"query-input":{"@type":"PropertyValueSpecification","valueRequired":true,"valueName":"search_term_string"}}],"inLanguage":"en-US"},{"@type":["Person","Organization"],"@id":"https:\/\/kimhouse.azdigi.shop\/#\/schema\/person\/e006cb0befa6ce1803c1227789a850f4","name":"thaithikimthao","image":{"@type":"ImageObject","inLanguage":"en-US","@id":"https:\/\/kimhouse.azdigi.shop\/wp-content\/uploads\/2026\/03\/LO-GO.png","url":"https:\/\/kimhouse.azdigi.shop\/wp-content\/uploads\/2026\/03\/LO-GO.png","contentUrl":"https:\/\/kimhouse.azdigi.shop\/wp-content\/uploads\/2026\/03\/LO-GO.png","width":2000,"height":2000,"caption":"thaithikimthao"},"logo":{"@id":"https:\/\/kimhouse.azdigi.shop\/wp-content\/uploads\/2026\/03\/LO-GO.png"},"sameAs":["https:\/\/kimhouse.azdigi.shop"]}]}},"_links":{"self":[{"href":"https:\/\/kimhouse.azdigi.shop\/index.php\/wp-json\/wp\/v2\/pages\/483","targetHints":{"allow":["GET"]}}],"collection":[{"href":"https:\/\/kimhouse.azdigi.shop\/index.php\/wp-json\/wp\/v2\/pages"}],"about":[{"href":"https:\/\/kimhouse.azdigi.shop\/index.php\/wp-json\/wp\/v2\/types\/page"}],"author":[{"embeddable":true,"href":"https:\/\/kimhouse.azdigi.shop\/index.php\/wp-json\/wp\/v2\/users\/1"}],"replies":[{"embeddable":true,"href":"https:\/\/kimhouse.azdigi.shop\/index.php\/wp-json\/wp\/v2\/comments?post=483"}],"version-history":[{"count":1,"href":"https:\/\/kimhouse.azdigi.shop\/index.php\/wp-json\/wp\/v2\/pages\/483\/revisions"}],"predecessor-version":[{"id":484,"href":"https:\/\/kimhouse.azdigi.shop\/index.php\/wp-json\/wp\/v2\/pages\/483\/revisions\/484"}],"wp:attachment":[{"href":"https:\/\/kimhouse.azdigi.shop\/index.php\/wp-json\/wp\/v2\/media?parent=483"}],"curies":[{"name":"wp","href":"https:\/\/api.w.org\/{rel}","templated":true}]}}