{"id":481,"date":"2026-04-11T08:34:30","date_gmt":"2026-04-11T08:34:30","guid":{"rendered":"https:\/\/kimhouse.azdigi.shop\/?page_id=481"},"modified":"2026-04-11T08:36:16","modified_gmt":"2026-04-11T08:36:16","slug":"dieu-kien-dung-voucher","status":"publish","type":"page","link":"https:\/\/kimhouse.azdigi.shop\/index.php\/dieu-kien-dung-voucher\/","title":{"rendered":"\u0110I\u1ec0U KI\u1ec6N D\u00d9NG VOUCHER"},"content":{"rendered":"<h1 data-path-to-node=\"3\">\u0110i\u1ec1u Kho\u1ea3n S\u1eed D\u1ee5ng Voucher T\u1ea1i Kimhouse Coffee &amp; Tea<\/h1>\n<p data-path-to-node=\"4\">Ch\u00e0o m\u1eebng qu\u00fd kh\u00e1ch \u0111\u1ebfn v\u1edbi <b data-path-to-node=\"4\" data-index-in-node=\"28\">Kimhouse<\/b>! Nh\u1eb1m mang l\u1ea1i nh\u1eefng tr\u1ea3i nghi\u1ec7m tuy\u1ec7t v\u1eddi c\u00f9ng m\u1ee9c gi\u00e1 \u01b0u \u0111\u00e3i. Kimhouse th\u01b0\u1eddng xuy\u00ean ph\u00e1t h\u00e0nh c\u00e1c lo\u1ea1i Voucher (phi\u1ebfu gi\u1ea3m gi\u00e1) cho d\u1ecbch v\u1ee5 c\u00e0 ph\u00ea, tr\u00e0 v\u00e0 \u0111\u1ed3 \u0103n v\u1eb7t.<\/p>\n<p data-path-to-node=\"5\">\u0110\u1ec3 s\u1eed d\u1ee5ng Voucher m\u1ed9t c\u00e1ch hi\u1ec7u qu\u1ea3 nh\u1ea5t, qu\u00fd kh\u00e1ch vui l\u00f2ng tham kh\u1ea3o c\u00e1c \u0111i\u1ec1u kho\u1ea3n v\u00e0 \u0111i\u1ec1u ki\u1ec7n chi ti\u1ebft d\u01b0\u1edbi \u0111\u00e2y.<\/p>\n<h2 data-path-to-node=\"7\">1. Th\u1eddi h\u1ea1n s\u1eed d\u1ee5ng Voucher<\/h2>\n<p data-path-to-node=\"8\">M\u1ed7i Voucher t\u1ea1i Kimhouse \u0111\u1ec1u c\u00f3 gi\u00e1 tr\u1ecb trong m\u1ed9t kho\u1ea3ng th\u1eddi gian nh\u1ea5t \u0111\u1ecbnh:<\/p>\n<ul data-path-to-node=\"9\">\n<li>\n<p data-path-to-node=\"9,0,0\">Qu\u00fd kh\u00e1ch vui l\u00f2ng ki\u1ec3m tra <b data-path-to-node=\"9,0,0\" data-index-in-node=\"28\">&#8220;H\u1ea1n s\u1eed d\u1ee5ng&#8221;<\/b> \u0111\u01b0\u1ee3c in tr\u00ean Voucher gi\u1ea5y ho\u1eb7c hi\u1ec3n th\u1ecb tr\u00ean Voucher \u0111i\u1ec7n t\u1eed.<\/p>\n<\/li>\n<li>\n<p data-path-to-node=\"9,1,0\">Voucher s\u1ebd kh\u00f4ng c\u00f2n gi\u00e1 tr\u1ecb sau ng\u00e0y h\u1ebft h\u1ea1n v\u00e0 kh\u00f4ng \u0111\u01b0\u1ee3c gia h\u1ea1n d\u01b0\u1edbi b\u1ea5t k\u1ef3 h\u00ecnh th\u1ee9c n\u00e0o.<\/p>\n<\/li>\n<\/ul>\n<h2 data-path-to-node=\"10\">2. Ph\u1ea1m vi \u00e1p d\u1ee5ng<\/h2>\n<ul data-path-to-node=\"11\">\n<li>\n<p data-path-to-node=\"11,0,0\"><b data-path-to-node=\"11,0,0\" data-index-in-node=\"0\">S\u1ea3n ph\u1ea9m:<\/b> Voucher \u00e1p d\u1ee5ng cho c\u00e1c d\u00f2ng c\u00e0 ph\u00ea. Tr\u00e0 v\u00e0 danh m\u1ee5c m\u00f3n \u0103n v\u1eb7t c\u00f3 trong Menu (tr\u1eeb khi c\u00f3 quy \u0111\u1ecbnh ri\u00eang tr\u00ean Voucher).<\/p>\n<\/li>\n<li>\n<p data-path-to-node=\"11,1,0\"><b data-path-to-node=\"11,1,0\" data-index-in-node=\"0\">\u0110\u1ecba \u0111i\u1ec3m:<\/b> \u00c1p d\u1ee5ng tr\u1ef1c ti\u1ebfp t\u1ea1i c\u1eeda h\u00e0ng Kimhouse Coffee &amp; Tea ho\u1eb7c \u0111\u1eb7t h\u00e0ng qua Hotline c\u1ee7a qu\u00e1n.<\/p>\n<\/li>\n<li>\n<p data-path-to-node=\"11,2,0\"><b data-path-to-node=\"11,2,0\" data-index-in-node=\"0\">\u0110\u1ed1i t\u01b0\u1ee3ng:<\/b> M\u1ed7i Voucher ch\u1ec9 c\u00f3 gi\u00e1 tr\u1ecb s\u1eed d\u1ee5ng cho <b data-path-to-node=\"11,2,0\" data-index-in-node=\"50\">01 h\u00f3a \u0111\u01a1n\/01 kh\u00e1ch h\u00e0ng<\/b> (tr\u1eeb c\u00e1c ch\u01b0\u01a1ng tr\u00ecnh \u01b0u \u0111\u00e3i nh\u00f3m \u0111\u1eb7c bi\u1ec7t).<\/p>\n<\/li>\n<\/ul>\n<h2 data-path-to-node=\"12\">3. Quy \u0111\u1ecbnh v\u1ec1 gi\u00e1 tr\u1ecb v\u00e0 quy \u0111\u1ed5i<\/h2>\n<p data-path-to-node=\"13\">\u0110\u1ec3 \u0111\u1ea3m b\u1ea3o t\u00ednh minh b\u1ea1ch, Kimhouse quy \u0111\u1ecbnh:<\/p>\n<ul data-path-to-node=\"14\">\n<li>\n<p data-path-to-node=\"14,0,0\">Voucher kh\u00f4ng c\u00f3 gi\u00e1 tr\u1ecb quy \u0111\u1ed5i th\u00e0nh ti\u1ec1n m\u1eb7t ho\u1eb7c tr\u1ea3 l\u1ea1i ti\u1ec1n th\u1eeba n\u1ebfu gi\u00e1 tr\u1ecb \u0111\u01a1n h\u00e0ng th\u1ea5p h\u01a1n gi\u00e1 tr\u1ecb Voucher.<\/p>\n<\/li>\n<li>\n<p data-path-to-node=\"14,1,0\">N\u1ebfu gi\u00e1 tr\u1ecb \u0111\u01a1n h\u00e0ng v\u01b0\u1ee3t qu\u00e1 gi\u00e1 tr\u1ecb Voucher. Qu\u00fd kh\u00e1ch vui l\u00f2ng thanh to\u00e1n ph\u1ea7n ch\u00eanh l\u1ec7ch b\u1eb1ng c\u00e1c h\u00ecnh th\u1ee9c thanh to\u00e1n hi\u1ec7n h\u00e0nh t\u1ea1i qu\u00e1n.<\/p>\n<\/li>\n<\/ul>\n<h2 data-path-to-node=\"15\">4. C\u00e1c tr\u01b0\u1eddng h\u1ee3p kh\u00f4ng \u00e1p d\u1ee5ng chung<\/h2>\n<p data-path-to-node=\"16\">Nh\u1eb1m \u0111\u1ea3m b\u1ea3o c\u00f4ng b\u1eb1ng cho m\u1ecdi kh\u00e1ch h\u00e0ng:<\/p>\n<ul data-path-to-node=\"17\">\n<li>\n<p data-path-to-node=\"17,0,0\">Kh\u00f4ng \u00e1p d\u1ee5ng \u0111\u1ed3ng th\u1eddi Voucher v\u1edbi c\u00e1c ch\u01b0\u01a1ng tr\u00ecnh khuy\u1ebfn m\u00e3i kh\u00e1c. (V\u00ed d\u1ee5: Kh\u00f4ng d\u00f9ng Voucher tr\u00ean h\u00f3a \u0111\u01a1n \u0111\u00e3 gi\u1ea3m gi\u00e1 h\u1ea1ng th\u1ebb H\u1ed9i vi\u00ean ho\u1eb7c ch\u01b0\u01a1ng tr\u00ecnh Mua 1 T\u1eb7ng 1).<\/p>\n<\/li>\n<li>\n<p data-path-to-node=\"17,1,0\">Voucher kh\u00f4ng \u00e1p d\u1ee5ng cho ph\u00ed giao h\u00e0ng (Ship) n\u1ebfu qu\u00fd kh\u00e1ch \u0111\u1eb7t m\u00f3n mang v\u1ec1.<\/p>\n<\/li>\n<\/ul>\n<h2 data-path-to-node=\"18\">5. T\u00ecnh tr\u1ea1ng Voucher h\u1ee3p l\u1ec7<\/h2>\n<p data-path-to-node=\"19\">Voucher ch\u1ec9 \u0111\u01b0\u1ee3c ch\u1ea5p nh\u1eadn khi:<\/p>\n<ul data-path-to-node=\"20\">\n<li>\n<p data-path-to-node=\"20,0,0\"><b data-path-to-node=\"20,0,0\" data-index-in-node=\"0\">Voucher gi\u1ea5y:<\/b> C\u00f2n nguy\u00ean v\u1eb9n, kh\u00f4ng b\u1ecb r\u00e1ch, n\u00e1t, t\u1ea9y x\u00f3a ho\u1eb7c c\u00f3 d\u1ea5u hi\u1ec7u l\u00e0m gi\u1ea3. Ph\u1ea3i c\u00f3 d\u1ea5u m\u1ed9c \u0111\u1ecf c\u1ee7a Kimhouse.<\/p>\n<\/li>\n<li>\n<p data-path-to-node=\"20,1,0\"><b data-path-to-node=\"20,1,0\" data-index-in-node=\"0\">Voucher \u0111i\u1ec7n t\u1eed (E-Voucher):<\/b> M\u00e3 Code c\u00f2n hi\u1ec7u l\u1ef1c tr\u00ean h\u1ec7 th\u1ed1ng v\u00e0 ph\u1ea3i \u0111\u01b0\u1ee3c nh\u00e2n vi\u00ean x\u00e1c nh\u1eadn t\u1ea1i qu\u1ea7y tr\u01b0\u1edbc khi thanh to\u00e1n.<\/p>\n<\/li>\n<\/ul>\n","protected":false},"excerpt":{"rendered":"<p>\u0110i\u1ec1u Kho\u1ea3n S\u1eed D\u1ee5ng Voucher T\u1ea1i Kimhouse Coffee &amp; Tea Ch\u00e0o m\u1eebng qu\u00fd kh\u00e1ch \u0111\u1ebfn v\u1edbi Kimhouse! Nh\u1eb1m mang l\u1ea1i nh\u1eefng tr\u1ea3i nghi\u1ec7m tuy\u1ec7t v\u1eddi c\u00f9ng m\u1ee9c gi\u00e1 \u01b0u \u0111\u00e3i. Kimhouse th\u01b0\u1eddng xuy\u00ean ph\u00e1t h\u00e0nh c\u00e1c lo\u1ea1i Voucher (phi\u1ebfu gi\u1ea3m gi\u00e1) cho d\u1ecbch v\u1ee5 c\u00e0 ph\u00ea, tr\u00e0 v\u00e0 \u0111\u1ed3 \u0103n v\u1eb7t. \u0110\u1ec3 s\u1eed d\u1ee5ng Voucher [&#8230;]\n","protected":false},"author":1,"featured_media":0,"parent":0,"menu_order":0,"comment_status":"closed","ping_status":"closed","template":"","meta":{"footnotes":""},"class_list":["post-481","page","type-page","status-publish","hentry"],"yoast_head":"<!-- This site is optimized with the Yoast SEO plugin v27.2 - https:\/\/yoast.com\/product\/yoast-seo-wordpress\/ -->\n<title>\u0110I\u1ec0U KI\u1ec6N D\u00d9NG VOUCHER - KIM HOUSE<\/title>\n<meta name=\"robots\" content=\"index, follow, max-snippet:-1, max-image-preview:large, max-video-preview:-1\" \/>\n<link rel=\"canonical\" href=\"https:\/\/kimhouse.azdigi.shop\/index.php\/dieu-kien-dung-voucher\/\" \/>\n<meta property=\"og:locale\" content=\"en_US\" \/>\n<meta property=\"og:type\" content=\"article\" \/>\n<meta property=\"og:title\" content=\"\u0110I\u1ec0U KI\u1ec6N D\u00d9NG VOUCHER - KIM HOUSE\" \/>\n<meta property=\"og:description\" content=\"\u0110i\u1ec1u Kho\u1ea3n S\u1eed D\u1ee5ng Voucher T\u1ea1i Kimhouse Coffee &amp; Tea Ch\u00e0o m\u1eebng qu\u00fd kh\u00e1ch \u0111\u1ebfn v\u1edbi Kimhouse! Nh\u1eb1m mang l\u1ea1i nh\u1eefng tr\u1ea3i nghi\u1ec7m tuy\u1ec7t v\u1eddi c\u00f9ng m\u1ee9c gi\u00e1 \u01b0u \u0111\u00e3i. Kimhouse th\u01b0\u1eddng xuy\u00ean ph\u00e1t h\u00e0nh c\u00e1c lo\u1ea1i Voucher (phi\u1ebfu gi\u1ea3m gi\u00e1) cho d\u1ecbch v\u1ee5 c\u00e0 ph\u00ea, tr\u00e0 v\u00e0 \u0111\u1ed3 \u0103n v\u1eb7t. \u0110\u1ec3 s\u1eed d\u1ee5ng Voucher [...]\" \/>\n<meta property=\"og:url\" content=\"https:\/\/kimhouse.azdigi.shop\/index.php\/dieu-kien-dung-voucher\/\" \/>\n<meta property=\"og:site_name\" content=\"KIM HOUSE\" \/>\n<meta property=\"article:modified_time\" content=\"2026-04-11T08:36:16+00:00\" \/>\n<meta name=\"twitter:card\" content=\"summary_large_image\" \/>\n<meta name=\"twitter:label1\" content=\"Est. reading time\" \/>\n\t<meta name=\"twitter:data1\" content=\"2 minutes\" \/>\n<script type=\"application\/ld+json\" class=\"yoast-schema-graph\">{\"@context\":\"https:\/\/schema.org\",\"@graph\":[{\"@type\":\"WebPage\",\"@id\":\"https:\/\/kimhouse.azdigi.shop\/index.php\/dieu-kien-dung-voucher\/\",\"url\":\"https:\/\/kimhouse.azdigi.shop\/index.php\/dieu-kien-dung-voucher\/\",\"name\":\"\u0110I\u1ec0U KI\u1ec6N D\u00d9NG VOUCHER - KIM HOUSE\",\"isPartOf\":{\"@id\":\"https:\/\/kimhouse.azdigi.shop\/#website\"},\"datePublished\":\"2026-04-11T08:34:30+00:00\",\"dateModified\":\"2026-04-11T08:36:16+00:00\",\"breadcrumb\":{\"@id\":\"https:\/\/kimhouse.azdigi.shop\/index.php\/dieu-kien-dung-voucher\/#breadcrumb\"},\"inLanguage\":\"en-US\",\"potentialAction\":[{\"@type\":\"ReadAction\",\"target\":[\"https:\/\/kimhouse.azdigi.shop\/index.php\/dieu-kien-dung-voucher\/\"]}]},{\"@type\":\"BreadcrumbList\",\"@id\":\"https:\/\/kimhouse.azdigi.shop\/index.php\/dieu-kien-dung-voucher\/#breadcrumb\",\"itemListElement\":[{\"@type\":\"ListItem\",\"position\":1,\"name\":\"Home\",\"item\":\"https:\/\/kimhouse.azdigi.shop\/\"},{\"@type\":\"ListItem\",\"position\":2,\"name\":\"\u0110I\u1ec0U KI\u1ec6N D\u00d9NG VOUCHER\"}]},{\"@type\":\"WebSite\",\"@id\":\"https:\/\/kimhouse.azdigi.shop\/#website\",\"url\":\"https:\/\/kimhouse.azdigi.shop\/\",\"name\":\"KIM HOUSE\",\"description\":\"G\u00f3i tr\u1ecdn tinh tu\u00fd - G\u00f3i tr\u1ecdn y\u00eau th\u01b0\u01a1ng \",\"publisher\":{\"@id\":\"https:\/\/kimhouse.azdigi.shop\/#\/schema\/person\/e006cb0befa6ce1803c1227789a850f4\"},\"potentialAction\":[{\"@type\":\"SearchAction\",\"target\":{\"@type\":\"EntryPoint\",\"urlTemplate\":\"https:\/\/kimhouse.azdigi.shop\/?s={search_term_string}\"},\"query-input\":{\"@type\":\"PropertyValueSpecification\",\"valueRequired\":true,\"valueName\":\"search_term_string\"}}],\"inLanguage\":\"en-US\"},{\"@type\":[\"Person\",\"Organization\"],\"@id\":\"https:\/\/kimhouse.azdigi.shop\/#\/schema\/person\/e006cb0befa6ce1803c1227789a850f4\",\"name\":\"thaithikimthao\",\"image\":{\"@type\":\"ImageObject\",\"inLanguage\":\"en-US\",\"@id\":\"https:\/\/kimhouse.azdigi.shop\/wp-content\/uploads\/2026\/03\/LO-GO.png\",\"url\":\"https:\/\/kimhouse.azdigi.shop\/wp-content\/uploads\/2026\/03\/LO-GO.png\",\"contentUrl\":\"https:\/\/kimhouse.azdigi.shop\/wp-content\/uploads\/2026\/03\/LO-GO.png\",\"width\":2000,\"height\":2000,\"caption\":\"thaithikimthao\"},\"logo\":{\"@id\":\"https:\/\/kimhouse.azdigi.shop\/wp-content\/uploads\/2026\/03\/LO-GO.png\"},\"sameAs\":[\"https:\/\/kimhouse.azdigi.shop\"]}]}<\/script>\n<!-- \/ Yoast SEO plugin. -->","yoast_head_json":{"title":"\u0110I\u1ec0U KI\u1ec6N D\u00d9NG VOUCHER - KIM HOUSE","robots":{"index":"index","follow":"follow","max-snippet":"max-snippet:-1","max-image-preview":"max-image-preview:large","max-video-preview":"max-video-preview:-1"},"canonical":"https:\/\/kimhouse.azdigi.shop\/index.php\/dieu-kien-dung-voucher\/","og_locale":"en_US","og_type":"article","og_title":"\u0110I\u1ec0U KI\u1ec6N D\u00d9NG VOUCHER - KIM HOUSE","og_description":"\u0110i\u1ec1u Kho\u1ea3n S\u1eed D\u1ee5ng Voucher T\u1ea1i Kimhouse Coffee &amp; Tea Ch\u00e0o m\u1eebng qu\u00fd kh\u00e1ch \u0111\u1ebfn v\u1edbi Kimhouse! Nh\u1eb1m mang l\u1ea1i nh\u1eefng tr\u1ea3i nghi\u1ec7m tuy\u1ec7t v\u1eddi c\u00f9ng m\u1ee9c gi\u00e1 \u01b0u \u0111\u00e3i. Kimhouse th\u01b0\u1eddng xuy\u00ean ph\u00e1t h\u00e0nh c\u00e1c lo\u1ea1i Voucher (phi\u1ebfu gi\u1ea3m gi\u00e1) cho d\u1ecbch v\u1ee5 c\u00e0 ph\u00ea, tr\u00e0 v\u00e0 \u0111\u1ed3 \u0103n v\u1eb7t. \u0110\u1ec3 s\u1eed d\u1ee5ng Voucher [...]","og_url":"https:\/\/kimhouse.azdigi.shop\/index.php\/dieu-kien-dung-voucher\/","og_site_name":"KIM HOUSE","article_modified_time":"2026-04-11T08:36:16+00:00","twitter_card":"summary_large_image","twitter_misc":{"Est. reading time":"2 minutes"},"schema":{"@context":"https:\/\/schema.org","@graph":[{"@type":"WebPage","@id":"https:\/\/kimhouse.azdigi.shop\/index.php\/dieu-kien-dung-voucher\/","url":"https:\/\/kimhouse.azdigi.shop\/index.php\/dieu-kien-dung-voucher\/","name":"\u0110I\u1ec0U KI\u1ec6N D\u00d9NG VOUCHER - KIM HOUSE","isPartOf":{"@id":"https:\/\/kimhouse.azdigi.shop\/#website"},"datePublished":"2026-04-11T08:34:30+00:00","dateModified":"2026-04-11T08:36:16+00:00","breadcrumb":{"@id":"https:\/\/kimhouse.azdigi.shop\/index.php\/dieu-kien-dung-voucher\/#breadcrumb"},"inLanguage":"en-US","potentialAction":[{"@type":"ReadAction","target":["https:\/\/kimhouse.azdigi.shop\/index.php\/dieu-kien-dung-voucher\/"]}]},{"@type":"BreadcrumbList","@id":"https:\/\/kimhouse.azdigi.shop\/index.php\/dieu-kien-dung-voucher\/#breadcrumb","itemListElement":[{"@type":"ListItem","position":1,"name":"Home","item":"https:\/\/kimhouse.azdigi.shop\/"},{"@type":"ListItem","position":2,"name":"\u0110I\u1ec0U KI\u1ec6N D\u00d9NG VOUCHER"}]},{"@type":"WebSite","@id":"https:\/\/kimhouse.azdigi.shop\/#website","url":"https:\/\/kimhouse.azdigi.shop\/","name":"KIM HOUSE","description":"G\u00f3i tr\u1ecdn tinh tu\u00fd - G\u00f3i tr\u1ecdn y\u00eau th\u01b0\u01a1ng ","publisher":{"@id":"https:\/\/kimhouse.azdigi.shop\/#\/schema\/person\/e006cb0befa6ce1803c1227789a850f4"},"potentialAction":[{"@type":"SearchAction","target":{"@type":"EntryPoint","urlTemplate":"https:\/\/kimhouse.azdigi.shop\/?s={search_term_string}"},"query-input":{"@type":"PropertyValueSpecification","valueRequired":true,"valueName":"search_term_string"}}],"inLanguage":"en-US"},{"@type":["Person","Organization"],"@id":"https:\/\/kimhouse.azdigi.shop\/#\/schema\/person\/e006cb0befa6ce1803c1227789a850f4","name":"thaithikimthao","image":{"@type":"ImageObject","inLanguage":"en-US","@id":"https:\/\/kimhouse.azdigi.shop\/wp-content\/uploads\/2026\/03\/LO-GO.png","url":"https:\/\/kimhouse.azdigi.shop\/wp-content\/uploads\/2026\/03\/LO-GO.png","contentUrl":"https:\/\/kimhouse.azdigi.shop\/wp-content\/uploads\/2026\/03\/LO-GO.png","width":2000,"height":2000,"caption":"thaithikimthao"},"logo":{"@id":"https:\/\/kimhouse.azdigi.shop\/wp-content\/uploads\/2026\/03\/LO-GO.png"},"sameAs":["https:\/\/kimhouse.azdigi.shop"]}]}},"_links":{"self":[{"href":"https:\/\/kimhouse.azdigi.shop\/index.php\/wp-json\/wp\/v2\/pages\/481","targetHints":{"allow":["GET"]}}],"collection":[{"href":"https:\/\/kimhouse.azdigi.shop\/index.php\/wp-json\/wp\/v2\/pages"}],"about":[{"href":"https:\/\/kimhouse.azdigi.shop\/index.php\/wp-json\/wp\/v2\/types\/page"}],"author":[{"embeddable":true,"href":"https:\/\/kimhouse.azdigi.shop\/index.php\/wp-json\/wp\/v2\/users\/1"}],"replies":[{"embeddable":true,"href":"https:\/\/kimhouse.azdigi.shop\/index.php\/wp-json\/wp\/v2\/comments?post=481"}],"version-history":[{"count":1,"href":"https:\/\/kimhouse.azdigi.shop\/index.php\/wp-json\/wp\/v2\/pages\/481\/revisions"}],"predecessor-version":[{"id":482,"href":"https:\/\/kimhouse.azdigi.shop\/index.php\/wp-json\/wp\/v2\/pages\/481\/revisions\/482"}],"wp:attachment":[{"href":"https:\/\/kimhouse.azdigi.shop\/index.php\/wp-json\/wp\/v2\/media?parent=481"}],"curies":[{"name":"wp","href":"https:\/\/api.w.org\/{rel}","templated":true}]}}