{"id":474,"date":"2026-04-11T08:19:49","date_gmt":"2026-04-11T08:19:49","guid":{"rendered":"https:\/\/kimhouse.azdigi.shop\/?page_id=474"},"modified":"2026-04-11T08:19:49","modified_gmt":"2026-04-11T08:19:49","slug":"cau-hoi-thuong-gap","status":"publish","type":"page","link":"https:\/\/kimhouse.azdigi.shop\/index.php\/cau-hoi-thuong-gap\/","title":{"rendered":"C\u1ea7u h\u1ecfi th\u01b0\u1eddng g\u1eb7p"},"content":{"rendered":"<h2 data-path-to-node=\"6\">1. Kimhouse c\u00f3 nh\u1eefng d\u00f2ng \u0111\u1ed3 u\u1ed1ng \u0111\u1eb7c tr\u01b0ng n\u00e0o?<\/h2>\n<p data-path-to-node=\"7\">T\u1ea1i Kimhouse, ch\u00fang t\u00f4i t\u1ef1 h\u00e0o mang \u0111\u1ebfn th\u1ef1c \u0111\u01a1n \u0111a d\u1ea1ng \u0111\u01b0\u1ee3c ch\u0103m ch\u00fat t\u1ec9 m\u1ec9:<\/p>\n<ul data-path-to-node=\"8\">\n<li>\n<p data-path-to-node=\"8,0,0\"><b data-path-to-node=\"8,0,0\" data-index-in-node=\"0\">C\u00e0 ph\u00ea \u0111\u1eadm v\u1ecb:<\/b> T\u1eeb c\u00e0 ph\u00ea truy\u1ec1n th\u1ed1ng (\u0110en, N\u00e2u) \u0111\u1ebfn c\u00e1c d\u00f2ng m\u00e1y nh\u01b0 Latte, b\u1ea1c x\u1ec9u h\u01a1m b\u00e9o.<\/p>\n<\/li>\n<li>\n<p data-path-to-node=\"8,1,0\"><b data-path-to-node=\"8,1,0\" data-index-in-node=\"0\">Tr\u00e0 tr\u00e1i c\u00e2y thanh m\u00e1t:<\/b> Tr\u00e0 \u0111\u00e0o cam s\u1ea3, tr\u00e0 sen v\u00e0ng \u2013 gi\u1ea3i nhi\u1ec7t c\u1ef1c \u0111\u00e3 cho nh\u1eefng ng\u00e0y n\u1eafng.<\/p>\n<\/li>\n<li>\n<p data-path-to-node=\"8,2,0\"><b data-path-to-node=\"8,2,0\" data-index-in-node=\"0\">Tr\u00e0 s\u1eefa \u0111\u1eadm tr\u00e0:<\/b> D\u00f2ng tr\u00e0 s\u1eefa th\u1ee7 c\u00f4ng v\u1edbi \u0111\u1ed9 ng\u1ecdt v\u1eeba ph\u1ea3i, k\u1ebft h\u1ee3p c\u00f9ng c\u00e1c lo\u1ea1i topping dai gi\u00f2n.<\/p>\n<\/li>\n<\/ul>\n<h2 data-path-to-node=\"9\">2. Th\u1ef1c \u0111\u01a1n \u0111\u1ed3 \u0103n v\u1eb7t t\u1ea1i Kimhouse c\u00f3 g\u00ec h\u1ea5p d\u1eabn?<\/h2>\n<p data-path-to-node=\"10\">\u0110\u1ec3 nh\u1eefng bu\u1ed5i t\u00e1n g\u1eabu th\u00eam ph\u1ea7n &#8220;r\u00f4m r\u1ea3&#8221;, Kimhouse ph\u1ee5c v\u1ee5 c\u00e1c m\u00f3n \u0103n v\u1eb7t &#8220;qu\u1ed1c d\u00e2n&#8221; \u0111\u01b0\u1ee3c \u0111\u1ea3m b\u1ea3o v\u1ec7 sinh:<\/p>\n<p>bingsu, yogurt, sandwich g\u00e0 n\u01b0\u1edbng,&#8230;<\/p>\n<h2 data-path-to-node=\"12\">3. Kh\u00f4ng gian t\u1ea1i Kimhouse c\u00f3 ph\u00f9 h\u1ee3p \u0111\u1ec3 l\u00e0m vi\u1ec7c kh\u00f4ng?<\/h2>\n<p data-path-to-node=\"13\"><b data-path-to-node=\"13\" data-index-in-node=\"0\">C\u00e2u tr\u1ea3 l\u1eddi l\u00e0 C\u00f3.<\/b> Kimhouse \u0111\u01b0\u1ee3c thi\u1ebft k\u1ebf v\u1edbi:<\/p>\n<ul data-path-to-node=\"14\">\n<li>\n<p data-path-to-node=\"14,0,0\">H\u1ec7 th\u1ed1ng Wi-Fi t\u1ed1c \u0111\u1ed9 cao, \u1ed5n \u0111\u1ecbnh.<\/p>\n<\/li>\n<li>\n<p data-path-to-node=\"14,1,0\">Nhi\u1ec1u \u1ed5 c\u1eafm \u0111i\u1ec7n b\u1ed1 tr\u00ed t\u1ea1i c\u00e1c v\u1ecb tr\u00ed ng\u1ed3i.<\/p>\n<\/li>\n<li>\n<p data-path-to-node=\"14,2,0\">\u00c2m nh\u1ea1c nh\u1eb9 nh\u00e0ng, kh\u00f4ng gian tho\u00e1ng \u0111\u00e3ng, gi\u00fap b\u1ea1n t\u1eadp trung t\u1ed1i \u0111a cho c\u00f4ng vi\u1ec7c ho\u1eb7c h\u1ecdc t\u1eadp.<\/p>\n<\/li>\n<\/ul>\n<h2 data-path-to-node=\"15\">4. Gi\u00e1 c\u1ea3 t\u1ea1i Kimhouse nh\u01b0 th\u1ebf n\u00e0o?<\/h2>\n<p data-path-to-node=\"16\">Ch\u00fang t\u00f4i h\u01b0\u1edbng \u0111\u1ebfn ph\u00e2n kh\u00fac kh\u00e1ch h\u00e0ng \u0111a d\u1ea1ng t\u1eeb sinh vi\u00ean \u0111\u1ebfn nh\u00e2n vi\u00ean v\u0103n ph\u00f2ng, v\u1edbi m\u1ee9c gi\u00e1 c\u1ef1c k\u1ef3 h\u1ee3p l\u00fd:<\/p>\n<ul data-path-to-node=\"17\">\n<li>\n<p data-path-to-node=\"17,0,0\"><b data-path-to-node=\"17,0,0\" data-index-in-node=\"0\">\u0110\u1ed3 u\u1ed1ng:<\/b> Dao \u0111\u1ed9ng t\u1eeb 20.000 VN\u0110 \u2013 45.000 VN\u0110.<\/p>\n<\/li>\n<li>\n<p data-path-to-node=\"17,1,0\"><b data-path-to-node=\"17,1,0\" data-index-in-node=\"0\">\u0110\u1ed3 \u0103n v\u1eb7t:<\/b> Ch\u1ec9 t\u1eeb 15.000 VN\u0110 \u2013 60.000 VN\u0110.<\/p>\n<\/li>\n<\/ul>\n<h2 data-path-to-node=\"18\">5. Kimhouse c\u00f3 d\u1ecbch v\u1ee5 giao h\u00e0ng t\u1eadn n\u01a1i kh\u00f4ng?<\/h2>\n<p data-path-to-node=\"19\">Hi\u1ec7n t\u1ea1i, qu\u00fd kh\u00e1ch c\u00f3 th\u1ec3 \u0111\u1eb7t m\u00f3n c\u1ee7a Kimhouse qua:<\/p>\n<ol start=\"1\" data-path-to-node=\"20\">\n<li>\n<p data-path-to-node=\"20,0,0\"><b data-path-to-node=\"20,0,0\" data-index-in-node=\"0\">Hotline tr\u1ef1c ti\u1ebfp:<\/b> \u0110\u1ec3 \u0111\u01b0\u1ee3c giao h\u00e0ng nhanh trong khu v\u1ef1c l\u00e2n c\u1eadn.<\/p>\n<\/li>\n<li>\n<p data-path-to-node=\"20,1,0\"><b data-path-to-node=\"20,1,0\" data-index-in-node=\"0\">\u1ee8ng d\u1ee5ng giao h\u00e0ng:<\/b> T\u00ecm ki\u1ebfm &#8220;Kimhouse Coffee &amp; Tea&#8221; tr\u00ean ShopeeFood, GrabFood ho\u1eb7c Baemin \u0111\u1ec3 \u00e1p m\u00e3 gi\u1ea3m gi\u00e1 m\u1ed7i ng\u00e0y.<\/p>\n<\/li>\n<\/ol>\n<h2 data-path-to-node=\"21\">6. Th\u1eddi gian m\u1edf c\u1eeda c\u1ee7a qu\u00e1n l\u00e0 khi n\u00e0o?<\/h2>\n<p data-path-to-node=\"22\">Kimhouse s\u1eb5n s\u00e0ng ch\u00e0o \u0111\u00f3n b\u1ea1n v\u00e0o khung gi\u1edd:<\/p>\n<ul data-path-to-node=\"23\">\n<li>\n<p data-path-to-node=\"23,0,0\"><b data-path-to-node=\"23,0,0\" data-index-in-node=\"0\">Th\u1ee9 2 &#8211; Ch\u1ee7 Nh\u1eadt:<\/b> 08:00 \u2013 22:30.<\/p>\n<\/li>\n<li>\n<p data-path-to-node=\"23,1,0\"><i data-path-to-node=\"23,1,0\" data-index-in-node=\"0\">L\u01b0u \u00fd:<\/i> C\u00e1c ng\u00e0y l\u1ec5 T\u1ebft c\u00f3 th\u1ec3 c\u00f3 thay \u0111\u1ed5i nh\u1eb9 v\u1ec1 gi\u1edd m\u1edf c\u1eeda, ch\u00fang t\u00f4i s\u1ebd c\u1eadp nh\u1eadt s\u1edbm nh\u1ea5t tr\u00ean Fanpage.<\/p>\n<\/li>\n<\/ul>\n","protected":false},"excerpt":{"rendered":"<p>1. Kimhouse c\u00f3 nh\u1eefng d\u00f2ng \u0111\u1ed3 u\u1ed1ng \u0111\u1eb7c tr\u01b0ng n\u00e0o? T\u1ea1i Kimhouse, ch\u00fang t\u00f4i t\u1ef1 h\u00e0o mang \u0111\u1ebfn th\u1ef1c \u0111\u01a1n \u0111a d\u1ea1ng \u0111\u01b0\u1ee3c ch\u0103m ch\u00fat t\u1ec9 m\u1ec9: C\u00e0 ph\u00ea \u0111\u1eadm v\u1ecb: T\u1eeb c\u00e0 ph\u00ea truy\u1ec1n th\u1ed1ng (\u0110en, N\u00e2u) \u0111\u1ebfn c\u00e1c d\u00f2ng m\u00e1y nh\u01b0 Latte, b\u1ea1c x\u1ec9u h\u01a1m b\u00e9o. Tr\u00e0 tr\u00e1i c\u00e2y thanh m\u00e1t: Tr\u00e0 \u0111\u00e0o [&#8230;]\n","protected":false},"author":1,"featured_media":0,"parent":0,"menu_order":0,"comment_status":"closed","ping_status":"closed","template":"","meta":{"footnotes":""},"class_list":["post-474","page","type-page","status-publish","hentry"],"yoast_head":"<!-- This site is optimized with the Yoast SEO plugin v27.2 - https:\/\/yoast.com\/product\/yoast-seo-wordpress\/ -->\n<title>C\u1ea7u h\u1ecfi th\u01b0\u1eddng g\u1eb7p - KIM HOUSE<\/title>\n<meta name=\"robots\" content=\"index, follow, max-snippet:-1, max-image-preview:large, max-video-preview:-1\" \/>\n<link rel=\"canonical\" href=\"https:\/\/kimhouse.azdigi.shop\/index.php\/cau-hoi-thuong-gap\/\" \/>\n<meta property=\"og:locale\" content=\"en_US\" \/>\n<meta property=\"og:type\" content=\"article\" \/>\n<meta property=\"og:title\" content=\"C\u1ea7u h\u1ecfi th\u01b0\u1eddng g\u1eb7p - KIM HOUSE\" \/>\n<meta property=\"og:description\" content=\"1. Kimhouse c\u00f3 nh\u1eefng d\u00f2ng \u0111\u1ed3 u\u1ed1ng \u0111\u1eb7c tr\u01b0ng n\u00e0o? T\u1ea1i Kimhouse, ch\u00fang t\u00f4i t\u1ef1 h\u00e0o mang \u0111\u1ebfn th\u1ef1c \u0111\u01a1n \u0111a d\u1ea1ng \u0111\u01b0\u1ee3c ch\u0103m ch\u00fat t\u1ec9 m\u1ec9: C\u00e0 ph\u00ea \u0111\u1eadm v\u1ecb: T\u1eeb c\u00e0 ph\u00ea truy\u1ec1n th\u1ed1ng (\u0110en, N\u00e2u) \u0111\u1ebfn c\u00e1c d\u00f2ng m\u00e1y nh\u01b0 Latte, b\u1ea1c x\u1ec9u h\u01a1m b\u00e9o. Tr\u00e0 tr\u00e1i c\u00e2y thanh m\u00e1t: Tr\u00e0 \u0111\u00e0o [...]\" \/>\n<meta property=\"og:url\" content=\"https:\/\/kimhouse.azdigi.shop\/index.php\/cau-hoi-thuong-gap\/\" \/>\n<meta property=\"og:site_name\" content=\"KIM HOUSE\" \/>\n<meta name=\"twitter:card\" content=\"summary_large_image\" \/>\n<meta name=\"twitter:label1\" content=\"Est. reading time\" \/>\n\t<meta name=\"twitter:data1\" content=\"2 minutes\" \/>\n<script type=\"application\/ld+json\" class=\"yoast-schema-graph\">{\"@context\":\"https:\/\/schema.org\",\"@graph\":[{\"@type\":\"WebPage\",\"@id\":\"https:\/\/kimhouse.azdigi.shop\/index.php\/cau-hoi-thuong-gap\/\",\"url\":\"https:\/\/kimhouse.azdigi.shop\/index.php\/cau-hoi-thuong-gap\/\",\"name\":\"C\u1ea7u h\u1ecfi th\u01b0\u1eddng g\u1eb7p - KIM HOUSE\",\"isPartOf\":{\"@id\":\"https:\/\/kimhouse.azdigi.shop\/#website\"},\"datePublished\":\"2026-04-11T08:19:49+00:00\",\"breadcrumb\":{\"@id\":\"https:\/\/kimhouse.azdigi.shop\/index.php\/cau-hoi-thuong-gap\/#breadcrumb\"},\"inLanguage\":\"en-US\",\"potentialAction\":[{\"@type\":\"ReadAction\",\"target\":[\"https:\/\/kimhouse.azdigi.shop\/index.php\/cau-hoi-thuong-gap\/\"]}]},{\"@type\":\"BreadcrumbList\",\"@id\":\"https:\/\/kimhouse.azdigi.shop\/index.php\/cau-hoi-thuong-gap\/#breadcrumb\",\"itemListElement\":[{\"@type\":\"ListItem\",\"position\":1,\"name\":\"Home\",\"item\":\"https:\/\/kimhouse.azdigi.shop\/\"},{\"@type\":\"ListItem\",\"position\":2,\"name\":\"C\u1ea7u h\u1ecfi th\u01b0\u1eddng g\u1eb7p\"}]},{\"@type\":\"WebSite\",\"@id\":\"https:\/\/kimhouse.azdigi.shop\/#website\",\"url\":\"https:\/\/kimhouse.azdigi.shop\/\",\"name\":\"KIM HOUSE\",\"description\":\"G\u00f3i tr\u1ecdn tinh tu\u00fd - G\u00f3i tr\u1ecdn y\u00eau th\u01b0\u01a1ng \",\"publisher\":{\"@id\":\"https:\/\/kimhouse.azdigi.shop\/#\/schema\/person\/e006cb0befa6ce1803c1227789a850f4\"},\"potentialAction\":[{\"@type\":\"SearchAction\",\"target\":{\"@type\":\"EntryPoint\",\"urlTemplate\":\"https:\/\/kimhouse.azdigi.shop\/?s={search_term_string}\"},\"query-input\":{\"@type\":\"PropertyValueSpecification\",\"valueRequired\":true,\"valueName\":\"search_term_string\"}}],\"inLanguage\":\"en-US\"},{\"@type\":[\"Person\",\"Organization\"],\"@id\":\"https:\/\/kimhouse.azdigi.shop\/#\/schema\/person\/e006cb0befa6ce1803c1227789a850f4\",\"name\":\"thaithikimthao\",\"image\":{\"@type\":\"ImageObject\",\"inLanguage\":\"en-US\",\"@id\":\"https:\/\/kimhouse.azdigi.shop\/wp-content\/uploads\/2026\/03\/LO-GO.png\",\"url\":\"https:\/\/kimhouse.azdigi.shop\/wp-content\/uploads\/2026\/03\/LO-GO.png\",\"contentUrl\":\"https:\/\/kimhouse.azdigi.shop\/wp-content\/uploads\/2026\/03\/LO-GO.png\",\"width\":2000,\"height\":2000,\"caption\":\"thaithikimthao\"},\"logo\":{\"@id\":\"https:\/\/kimhouse.azdigi.shop\/wp-content\/uploads\/2026\/03\/LO-GO.png\"},\"sameAs\":[\"https:\/\/kimhouse.azdigi.shop\"]}]}<\/script>\n<!-- \/ Yoast SEO plugin. -->","yoast_head_json":{"title":"C\u1ea7u h\u1ecfi th\u01b0\u1eddng g\u1eb7p - KIM HOUSE","robots":{"index":"index","follow":"follow","max-snippet":"max-snippet:-1","max-image-preview":"max-image-preview:large","max-video-preview":"max-video-preview:-1"},"canonical":"https:\/\/kimhouse.azdigi.shop\/index.php\/cau-hoi-thuong-gap\/","og_locale":"en_US","og_type":"article","og_title":"C\u1ea7u h\u1ecfi th\u01b0\u1eddng g\u1eb7p - KIM HOUSE","og_description":"1. Kimhouse c\u00f3 nh\u1eefng d\u00f2ng \u0111\u1ed3 u\u1ed1ng \u0111\u1eb7c tr\u01b0ng n\u00e0o? T\u1ea1i Kimhouse, ch\u00fang t\u00f4i t\u1ef1 h\u00e0o mang \u0111\u1ebfn th\u1ef1c \u0111\u01a1n \u0111a d\u1ea1ng \u0111\u01b0\u1ee3c ch\u0103m ch\u00fat t\u1ec9 m\u1ec9: C\u00e0 ph\u00ea \u0111\u1eadm v\u1ecb: T\u1eeb c\u00e0 ph\u00ea truy\u1ec1n th\u1ed1ng (\u0110en, N\u00e2u) \u0111\u1ebfn c\u00e1c d\u00f2ng m\u00e1y nh\u01b0 Latte, b\u1ea1c x\u1ec9u h\u01a1m b\u00e9o. Tr\u00e0 tr\u00e1i c\u00e2y thanh m\u00e1t: Tr\u00e0 \u0111\u00e0o [...]","og_url":"https:\/\/kimhouse.azdigi.shop\/index.php\/cau-hoi-thuong-gap\/","og_site_name":"KIM HOUSE","twitter_card":"summary_large_image","twitter_misc":{"Est. reading time":"2 minutes"},"schema":{"@context":"https:\/\/schema.org","@graph":[{"@type":"WebPage","@id":"https:\/\/kimhouse.azdigi.shop\/index.php\/cau-hoi-thuong-gap\/","url":"https:\/\/kimhouse.azdigi.shop\/index.php\/cau-hoi-thuong-gap\/","name":"C\u1ea7u h\u1ecfi th\u01b0\u1eddng g\u1eb7p - KIM HOUSE","isPartOf":{"@id":"https:\/\/kimhouse.azdigi.shop\/#website"},"datePublished":"2026-04-11T08:19:49+00:00","breadcrumb":{"@id":"https:\/\/kimhouse.azdigi.shop\/index.php\/cau-hoi-thuong-gap\/#breadcrumb"},"inLanguage":"en-US","potentialAction":[{"@type":"ReadAction","target":["https:\/\/kimhouse.azdigi.shop\/index.php\/cau-hoi-thuong-gap\/"]}]},{"@type":"BreadcrumbList","@id":"https:\/\/kimhouse.azdigi.shop\/index.php\/cau-hoi-thuong-gap\/#breadcrumb","itemListElement":[{"@type":"ListItem","position":1,"name":"Home","item":"https:\/\/kimhouse.azdigi.shop\/"},{"@type":"ListItem","position":2,"name":"C\u1ea7u h\u1ecfi th\u01b0\u1eddng g\u1eb7p"}]},{"@type":"WebSite","@id":"https:\/\/kimhouse.azdigi.shop\/#website","url":"https:\/\/kimhouse.azdigi.shop\/","name":"KIM HOUSE","description":"G\u00f3i tr\u1ecdn tinh tu\u00fd - G\u00f3i tr\u1ecdn y\u00eau th\u01b0\u01a1ng ","publisher":{"@id":"https:\/\/kimhouse.azdigi.shop\/#\/schema\/person\/e006cb0befa6ce1803c1227789a850f4"},"potentialAction":[{"@type":"SearchAction","target":{"@type":"EntryPoint","urlTemplate":"https:\/\/kimhouse.azdigi.shop\/?s={search_term_string}"},"query-input":{"@type":"PropertyValueSpecification","valueRequired":true,"valueName":"search_term_string"}}],"inLanguage":"en-US"},{"@type":["Person","Organization"],"@id":"https:\/\/kimhouse.azdigi.shop\/#\/schema\/person\/e006cb0befa6ce1803c1227789a850f4","name":"thaithikimthao","image":{"@type":"ImageObject","inLanguage":"en-US","@id":"https:\/\/kimhouse.azdigi.shop\/wp-content\/uploads\/2026\/03\/LO-GO.png","url":"https:\/\/kimhouse.azdigi.shop\/wp-content\/uploads\/2026\/03\/LO-GO.png","contentUrl":"https:\/\/kimhouse.azdigi.shop\/wp-content\/uploads\/2026\/03\/LO-GO.png","width":2000,"height":2000,"caption":"thaithikimthao"},"logo":{"@id":"https:\/\/kimhouse.azdigi.shop\/wp-content\/uploads\/2026\/03\/LO-GO.png"},"sameAs":["https:\/\/kimhouse.azdigi.shop"]}]}},"_links":{"self":[{"href":"https:\/\/kimhouse.azdigi.shop\/index.php\/wp-json\/wp\/v2\/pages\/474","targetHints":{"allow":["GET"]}}],"collection":[{"href":"https:\/\/kimhouse.azdigi.shop\/index.php\/wp-json\/wp\/v2\/pages"}],"about":[{"href":"https:\/\/kimhouse.azdigi.shop\/index.php\/wp-json\/wp\/v2\/types\/page"}],"author":[{"embeddable":true,"href":"https:\/\/kimhouse.azdigi.shop\/index.php\/wp-json\/wp\/v2\/users\/1"}],"replies":[{"embeddable":true,"href":"https:\/\/kimhouse.azdigi.shop\/index.php\/wp-json\/wp\/v2\/comments?post=474"}],"version-history":[{"count":1,"href":"https:\/\/kimhouse.azdigi.shop\/index.php\/wp-json\/wp\/v2\/pages\/474\/revisions"}],"predecessor-version":[{"id":475,"href":"https:\/\/kimhouse.azdigi.shop\/index.php\/wp-json\/wp\/v2\/pages\/474\/revisions\/475"}],"wp:attachment":[{"href":"https:\/\/kimhouse.azdigi.shop\/index.php\/wp-json\/wp\/v2\/media?parent=474"}],"curies":[{"name":"wp","href":"https:\/\/api.w.org\/{rel}","templated":true}]}}